{"id":5456,"date":"2025-01-15T16:36:05","date_gmt":"2025-01-15T14:36:05","guid":{"rendered":"https:\/\/ecotic-envases.es\/pronexa\/"},"modified":"2025-01-15T17:24:25","modified_gmt":"2025-01-15T15:24:25","slug":"pronexa","status":"publish","type":"page","link":"https:\/\/ecotic-envases.es\/ca\/pronexa\/","title":{"rendered":"Pronexa"},"content":{"rendered":"\t\t<div data-elementor-type=\"wp-page\" data-elementor-id=\"5456\" class=\"elementor elementor-5456 elementor-5396\" data-elementor-post-type=\"page\">\n\t\t\t\t<div class=\"elementor-element elementor-element-5c8d95c3 elementor-hidden-mobile e-flex e-con-boxed e-con e-parent\" data-id=\"5c8d95c3\" data-element_type=\"container\" data-e-type=\"container\" data-settings=\"{&quot;background_background&quot;:&quot;classic&quot;}\">\n\t\t\t\t\t<div class=\"e-con-inner\">\n\t\t<div class=\"elementor-element elementor-element-251ea6bf e-flex e-con-boxed e-con e-child\" data-id=\"251ea6bf\" data-element_type=\"container\" data-e-type=\"container\">\n\t\t\t\t\t<div class=\"e-con-inner\">\n\t\t\t\t<div class=\"elementor-element elementor-element-7df67513 elementor-widget elementor-widget-heading\" data-id=\"7df67513\" data-element_type=\"widget\" data-e-type=\"widget\" data-widget_type=\"heading.default\">\n\t\t\t\t<div class=\"elementor-widget-container\">\n\t\t\t\t\t<h1 class=\"elementor-heading-title elementor-size-default\">ECOTIC forma part de PRONEXA, la xarxa l\u00edder a Europa de RAP<\/h1>\t\t\t\t<\/div>\n\t\t\t\t<\/div>\n\t\t\t\t\t<\/div>\n\t\t\t\t<\/div>\n\t\t<div class=\"elementor-element elementor-element-6f0de58c e-con-full e-flex e-con e-child\" data-id=\"6f0de58c\" data-element_type=\"container\" data-e-type=\"container\">\n\t\t\t\t<\/div>\n\t\t\t\t\t<\/div>\n\t\t\t\t<\/div>\n\t\t<div class=\"elementor-element elementor-element-56655c19 elementor-hidden-desktop elementor-hidden-tablet e-flex e-con-boxed e-con e-parent\" data-id=\"56655c19\" data-element_type=\"container\" data-e-type=\"container\" data-settings=\"{&quot;background_background&quot;:&quot;classic&quot;}\">\n\t\t\t\t\t<div class=\"e-con-inner\">\n\t\t<div class=\"elementor-element elementor-element-458a0e05 e-flex e-con-boxed e-con e-child\" data-id=\"458a0e05\" data-element_type=\"container\" data-e-type=\"container\">\n\t\t\t\t\t<div class=\"e-con-inner\">\n\t\t\t\t<div class=\"elementor-element elementor-element-7bb305fb elementor-widget elementor-widget-heading\" data-id=\"7bb305fb\" data-element_type=\"widget\" data-e-type=\"widget\" data-widget_type=\"heading.default\">\n\t\t\t\t<div class=\"elementor-widget-container\">\n\t\t\t\t\t<h1 class=\"elementor-heading-title elementor-size-default\">ECOTIC forma part de PRONEXA, la xarxa l\u00edder a Europa de RAP<\/h1>\t\t\t\t<\/div>\n\t\t\t\t<\/div>\n\t\t\t\t\t<\/div>\n\t\t\t\t<\/div>\n\t\t\t\t\t<\/div>\n\t\t\t\t<\/div>\n\t\t<div class=\"elementor-element elementor-element-57bd1b7b elementor-hidden-desktop elementor-hidden-tablet e-flex e-con-boxed e-con e-parent\" data-id=\"57bd1b7b\" data-element_type=\"container\" data-e-type=\"container\" data-settings=\"{&quot;background_background&quot;:&quot;classic&quot;}\">\n\t\t\t\t\t<div class=\"e-con-inner\">\n\t\t\t\t<div class=\"elementor-element elementor-element-53ac8d61 elementor-widget elementor-widget-image\" data-id=\"53ac8d61\" data-element_type=\"widget\" data-e-type=\"widget\" data-widget_type=\"image.default\">\n\t\t\t\t<div class=\"elementor-widget-container\">\n\t\t\t\t\t\t\t\t\t\t\t\t\t\t\t<img fetchpriority=\"high\" decoding=\"async\" width=\"4251\" height=\"4251\" src=\"https:\/\/ecotic-envases.es\/wp-content\/uploads\/2025\/01\/Mobile.png\" class=\"attachment-full size-full wp-image-5402\" alt=\"\" srcset=\"https:\/\/ecotic-envases.es\/wp-content\/uploads\/2025\/01\/Mobile.png 4251w, https:\/\/ecotic-envases.es\/wp-content\/uploads\/2025\/01\/Mobile-300x300.png 300w, https:\/\/ecotic-envases.es\/wp-content\/uploads\/2025\/01\/Mobile-1030x1030.png 1030w, https:\/\/ecotic-envases.es\/wp-content\/uploads\/2025\/01\/Mobile-80x80.png 80w, https:\/\/ecotic-envases.es\/wp-content\/uploads\/2025\/01\/Mobile-768x768.png 768w, https:\/\/ecotic-envases.es\/wp-content\/uploads\/2025\/01\/Mobile-1536x1536.png 1536w, https:\/\/ecotic-envases.es\/wp-content\/uploads\/2025\/01\/Mobile-2048x2048.png 2048w\" sizes=\"(max-width: 4251px) 100vw, 4251px\" \/>\t\t\t\t\t\t\t\t\t\t\t\t\t\t\t<\/div>\n\t\t\t\t<\/div>\n\t\t\t\t\t<\/div>\n\t\t\t\t<\/div>\n\t\t<div class=\"elementor-element elementor-element-9c8e4ac e-flex e-con-boxed e-con e-parent\" data-id=\"9c8e4ac\" data-element_type=\"container\" data-e-type=\"container\" data-settings=\"{&quot;background_background&quot;:&quot;classic&quot;}\">\n\t\t\t\t\t<div class=\"e-con-inner\">\n\t\t\t\t<div class=\"elementor-element elementor-element-383540b5 elementor-widget elementor-widget-heading\" data-id=\"383540b5\" data-element_type=\"widget\" data-e-type=\"widget\" data-widget_type=\"heading.default\">\n\t\t\t\t<div class=\"elementor-widget-container\">\n\t\t\t\t\t<h2 class=\"elementor-heading-title elementor-size-default\">Qu\u00e8 \u00e9s PRONEXA?<\/h2>\t\t\t\t<\/div>\n\t\t\t\t<\/div>\n\t\t<div class=\"elementor-element elementor-element-dcc5281 e-flex e-con-boxed e-con e-child\" data-id=\"dcc5281\" data-element_type=\"container\" data-e-type=\"container\">\n\t\t\t\t\t<div class=\"e-con-inner\">\n\t\t<div class=\"elementor-element elementor-element-1d50c827 e-con-full e-flex e-con e-child\" data-id=\"1d50c827\" data-element_type=\"container\" data-e-type=\"container\">\n\t\t\t\t<div class=\"elementor-element elementor-element-5018d109 elementor-widget elementor-widget-text-editor\" data-id=\"5018d109\" data-element_type=\"widget\" data-e-type=\"widget\" data-widget_type=\"text-editor.default\">\n\t\t\t\t<div class=\"elementor-widget-container\">\n\t\t\t\t\t\t\t\t\t<p><strong>PRONEXA<\/strong> \u00e9s una alian\u00e7a dels Sistemes Col\u00b7lectius l\u00edders a Europa, amb la seva oficina central a Munic, que ofereix als productors un punt de contacte central per al compliment de la Responsabilitat Ampliada del Productor (RAP) a Europa. Representa l&#8217;evoluci\u00f3 de la joint venture weee EUROPE, fundada l&#8217;any 2014. <\/p>\n\t\t\t\t\t\t\t\t<\/div>\n\t\t\t\t<\/div>\n\t\t<div class=\"elementor-element elementor-element-68ec84c8 e-con-full e-flex e-con e-child\" data-id=\"68ec84c8\" data-element_type=\"container\" data-e-type=\"container\">\n\t\t\t\t<div class=\"elementor-element elementor-element-498dd7dd elementor-widget__width-inherit elementor-widget elementor-widget-shortcode\" data-id=\"498dd7dd\" data-element_type=\"widget\" data-e-type=\"widget\" data-widget_type=\"shortcode.default\">\n\t\t\t\t<div class=\"elementor-widget-container\">\n\t\t\t\t\t\n\t\n\t\t<style>\n\t\t.VisitarPRONEXA-desktop {\n\t\t\t\n\t\t\t-webkit-touch-callout: none;\n\t\t\t-webkit-user-select: none;\n\t\t\t-khtml-user-select: none;\n\t\t\t-moz-user-select: none;\n\t\t\t-ms-user-select: none;\n\t\t\tuser-select: none;\n\n\t\t\tbackground: #476C84 !important;\n\t\t\tmax-width: 404px !important;\n\t\t\tmin-width: 250px !important;\n\n\t\t\tpadding: 22px 20px  !important;\n\t\t\tborder: 1px solid transparent !important;\n\t\t\tborder-radius: 90px !important;\n\t\t\tfont-size: 20px !important;\n\t\t\tline-height: 20px !important;\n\t\t\tfont-weight: 500 !important;\n\t\t\tfont-family: \"Source Sans Pro\", sans-serif;\n\t\t\ttext-decoration: none !important;\n\t\t\tcolor: #fff !important;\n\n\t\t\tdisplay: inline-block;\n\t\t\tvertical-align: middle;\n\t\t\toverflow: hidden;\n\t\t\ttext-align: center;\n\t\t\tcursor: pointer;\n\t\t\twhite-space: nowrap;\n\t\t}\n\t\t.VisitarPRONEXA-desktop span{\n\t\t\ttext-align: center !important;\n\t\t\twidth: 100% !important; \n\t\t\tpadding: 0 !important; \n\t\t\tmargin: 0 !important;\t\t\t\n\t\t}\n\t\t.VisitarPRONEXA-desktop:hover {\n\t\t\tbackground: #fff !important;\n\t\t\tborder: 1px solid #000 !important;\n\t\t\tcolor: #476C84 !important;\n\t\t}\n\t\t.VisitarPRONEXA-mobile {\t\t\t\n\t\t\t-webkit-touch-callout: none;\n\t\t\t-webkit-user-select: none;\n\t\t\t-khtml-user-select: none;\n\t\t\t-moz-user-select: none;\n\t\t\t-ms-user-select: none;\n\t\t\tuser-select: none;\n\n\t\t\tbackground: #476C84 !important;\n\t\t\tmax-width: 100% !important;\n\t\t\tmin-width: 100% !important;\n\n\t\t\tpadding: 22px 20px  !important;\n\t\t\tborder: 1px solid transparent !important;\n\t\t\tborder-radius: 90px !important;\n\t\t\tfont-size: 0.9em !important;\n\t\t\tline-height: 0.9em !important;\n\t\t\tfont-family: \"Source Sans Pro\", sans-serif;\n\t\t\tfont-weight: 500 !important;\n\t\t\ttext-decoration: none !important;\n\t\t\tcolor: #fff !important;\n\n\t\t\tdisplay: inline-block;\n\t\t\tvertical-align: middle;\n\t\t\toverflow: hidden;\n\t\t\ttext-decoration: none;\n\t\t\ttext-align: center;\n\t\t\tcursor: pointer;\n\t\t\twhite-space: nowrap;\n\t\t}\n\t\t.VisitarPRONEXA-mobile span {\n\t\t\ttext-align: center !important;\n\t\t\twidth: 100% !important; \n\t\t\tpadding: 0 !important; \n\t\t\tmargin: 0 !important;\t\t\t\n\t\t}\n\t\t<\/style>\n\t\t<a href=\"https:\/\/pronexa.com\/?utm_source=ecotic_es&amp;utm_medium=PRO%20website_ml&amp;utm_campaign=Relaunch\"  target=\"_blank\" class=\"hide-on-mobile VisitarPRONEXA-desktop\">\n\t\t<span>\n\t\t\tVisitar PRONEXA\n\t\t\t<\/span>\n\t\t\t<\/a>\n\t\t<a href=\"https:\/\/pronexa.com\/?utm_source=ecotic_es&amp;utm_medium=PRO%20website_ml&amp;utm_campaign=Relaunch\" target=\"_blank\" class=\"hide-on-desktop VisitarPRONEXA-mobile\">\n\t\t<span>\n\t\t\tVisitar PRONEXA\n\t\t\t<\/span>\n\t\t\n\t\t<\/a>\n\t\t\t<div class=\"elementor-shortcode\"><\/div>\n\t\t\t\t\t\t<\/div>\n\t\t\t\t<\/div>\n\t\t\t\t<\/div>\n\t\t\t\t<\/div>\n\t\t<div class=\"elementor-element elementor-element-28f98a28 e-con-full e-flex e-con e-child\" data-id=\"28f98a28\" data-element_type=\"container\" data-e-type=\"container\">\n\t\t\t\t<div class=\"elementor-element elementor-element-4d2df122 elementor-widget elementor-widget-text-editor\" data-id=\"4d2df122\" data-element_type=\"widget\" data-e-type=\"widget\" data-widget_type=\"text-editor.default\">\n\t\t\t\t<div class=\"elementor-widget-container\">\n\t\t\t\t\t\t\t\t\t<p>A nivell estatal, <strong>ECOTIC<\/strong>, com a Sistema Col\u00b7lectiu de Responsabilitat Ampliada del Productor, s&#8217;encarrega de gestionar l&#8217;organitzaci\u00f3 operativa de la recollida, el reciclatge i les relacions amb les administracions estatals en benefici dels seus productors adherits.<br \/>A nivell europeu, <strong>PRONEXA<\/strong> gestiona tots els contractes de membresia amb els Sistemes Col\u00b7lectius i optimitza els processos administratius i les obligacions de report a trav\u00e9s de la nostra oficina a Munic, perqu\u00e8 no hagis d\u2019enfrontar-te a la complexitat de les difer\u00e8ncies nacionals pel teu compte.<\/p>\n\t\t\t\t\t\t\t\t<\/div>\n\t\t\t\t<\/div>\n\t\t\t\t<\/div>\n\t\t\t\t\t<\/div>\n\t\t\t\t<\/div>\n\t\t\t\t\t<\/div>\n\t\t\t\t<\/div>\n\t\t<div class=\"elementor-element elementor-element-573313ad e-con-full e-flex e-con e-parent\" data-id=\"573313ad\" data-element_type=\"container\" data-e-type=\"container\" data-settings=\"{&quot;background_background&quot;:&quot;classic&quot;}\">\n\t\t<div class=\"elementor-element elementor-element-226d4cf2 e-con-full e-flex e-con e-child\" data-id=\"226d4cf2\" data-element_type=\"container\" data-e-type=\"container\">\n\t\t\t\t<div class=\"elementor-element elementor-element-4ed5cab3 elementor-widget elementor-widget-heading\" data-id=\"4ed5cab3\" data-element_type=\"widget\" data-e-type=\"widget\" data-widget_type=\"heading.default\">\n\t\t\t\t<div class=\"elementor-widget-container\">\n\t\t\t\t\t<h2 class=\"elementor-heading-title elementor-size-default\">Serveis de compliment de PRONEXA<\/h2>\t\t\t\t<\/div>\n\t\t\t\t<\/div>\n\t\t\t\t<div class=\"elementor-element elementor-element-3e1f6a76 elementor-widget elementor-widget-heading\" data-id=\"3e1f6a76\" data-element_type=\"widget\" data-e-type=\"widget\" data-widget_type=\"heading.default\">\n\t\t\t\t<div class=\"elementor-widget-container\">\n\t\t\t\t\t<h3 class=\"elementor-heading-title elementor-size-default\">El teu \u00fanic punt de contacte<\/h3>\t\t\t\t<\/div>\n\t\t\t\t<\/div>\n\t\t\t\t<div class=\"elementor-element elementor-element-3d921db5 elementor-widget elementor-widget-text-editor\" data-id=\"3d921db5\" data-element_type=\"widget\" data-e-type=\"widget\" data-widget_type=\"text-editor.default\">\n\t\t\t\t<div class=\"elementor-widget-container\">\n\t\t\t\t\t\t\t\t\t<p>PRONEXA es la soluci\u00f3 integral per la Responsabilitat Ampliada del Productor (RAP) a Europa. Ens encarreguem del teu registre a la UE, la recollida y el report centralitzat per RAEE, PILES i ENVASOS. <\/p>\n<p>Comen\u00e7a la nostra Avaluaci\u00f3 R\u00e0pida amb 5 preguntes senzilles per descobrir si tens obligacions de Responsabilitat Ampliada del Productor.<\/p>\n\t\t\t\t\t\t\t\t<\/div>\n\t\t\t\t<\/div>\n\t\t<div class=\"elementor-element elementor-element-e819a2f e-con-full e-flex e-con e-child\" data-id=\"e819a2f\" data-element_type=\"container\" data-e-type=\"container\">\n\t\t\t\t<div class=\"elementor-element elementor-element-4471b91c elementor-widget__width-inherit elementor-widget elementor-widget-shortcode\" data-id=\"4471b91c\" data-element_type=\"widget\" data-e-type=\"widget\" data-widget_type=\"shortcode.default\">\n\t\t\t\t<div class=\"elementor-widget-container\">\n\t\t\t\t\t\n\t\n\t\t<style>\n\t\t.Evaluaci\u00f3nr\u00e1pida-desktop {\n\t\t\t\n\t\t\t-webkit-touch-callout: none;\n\t\t\t-webkit-user-select: none;\n\t\t\t-khtml-user-select: none;\n\t\t\t-moz-user-select: none;\n\t\t\t-ms-user-select: none;\n\t\t\tuser-select: none;\n\n\t\t\tbackground: #385D15 !important;\n\t\t\tmax-width: 154px !important;\n\t\t\tmin-width: 250px !important;\n\n\t\t\tpadding: 22px 20px  !important;\n\t\t\tborder: 1px solid transparent !important;\n\t\t\tborder-radius: 90px !important;\n\t\t\tfont-size: 20px !important;\n\t\t\tline-height: 20px !important;\n\t\t\tfont-weight: 500 !important;\n\t\t\tfont-family: \"Source Sans Pro\", sans-serif;\n\t\t\ttext-decoration: none !important;\n\t\t\tcolor: #fff !important;\n\n\t\t\tdisplay: inline-block;\n\t\t\tvertical-align: middle;\n\t\t\toverflow: hidden;\n\t\t\ttext-align: center;\n\t\t\tcursor: pointer;\n\t\t\twhite-space: nowrap;\n\t\t}\n\t\t.Evaluaci\u00f3nr\u00e1pida-desktop span{\n\t\t\ttext-align: center !important;\n\t\t\twidth: 100% !important; \n\t\t\tpadding: 0 !important; \n\t\t\tmargin: 0 !important;\t\t\t\n\t\t}\n\t\t.Evaluaci\u00f3nr\u00e1pida-desktop:hover {\n\t\t\tbackground: #fff !important;\n\t\t\tborder: 1px solid #000 !important;\n\t\t\tcolor: #385D15 !important;\n\t\t}\n\t\t.Evaluaci\u00f3nr\u00e1pida-mobile {\t\t\t\n\t\t\t-webkit-touch-callout: none;\n\t\t\t-webkit-user-select: none;\n\t\t\t-khtml-user-select: none;\n\t\t\t-moz-user-select: none;\n\t\t\t-ms-user-select: none;\n\t\t\tuser-select: none;\n\n\t\t\tbackground: #385D15 !important;\n\t\t\tmax-width: 100% !important;\n\t\t\tmin-width: 100% !important;\n\n\t\t\tpadding: 22px 20px  !important;\n\t\t\tborder: 1px solid transparent !important;\n\t\t\tborder-radius: 90px !important;\n\t\t\tfont-size: 0.9em !important;\n\t\t\tline-height: 0.9em !important;\n\t\t\tfont-family: \"Source Sans Pro\", sans-serif;\n\t\t\tfont-weight: 500 !important;\n\t\t\ttext-decoration: none !important;\n\t\t\tcolor: #fff !important;\n\n\t\t\tdisplay: inline-block;\n\t\t\tvertical-align: middle;\n\t\t\toverflow: hidden;\n\t\t\ttext-decoration: none;\n\t\t\ttext-align: center;\n\t\t\tcursor: pointer;\n\t\t\twhite-space: nowrap;\n\t\t}\n\t\t.Evaluaci\u00f3nr\u00e1pida-mobile span {\n\t\t\ttext-align: center !important;\n\t\t\twidth: 100% !important; \n\t\t\tpadding: 0 !important; \n\t\t\tmargin: 0 !important;\t\t\t\n\t\t}\n\t\t<\/style>\n\t\t<a href=\"https:\/\/pronexa.com\/quick-assessment\/?utm_source=ecotic_es&amp;utm_medium=PRO+website_ml&amp;utm_campaign=Relaunch\"  target=\"_blank\" class=\"hide-on-mobile Evaluaci\u00f3nr\u00e1pida-desktop\">\n\t\t<span>\n\t\t\tAvaluaci\u00f3 r\u00e0pida\n\t\t\t<\/span>\n\t\t\t<\/a>\n\t\t<a href=\"https:\/\/pronexa.com\/quick-assessment\/?utm_source=ecotic_es&amp;utm_medium=PRO+website_ml&amp;utm_campaign=Relaunch\" target=\"_blank\" class=\"hide-on-desktop Evaluaci\u00f3nr\u00e1pida-mobile\">\n\t\t<span>\n\t\t\tAvaluaci\u00f3 r\u00e0pida\n\t\t\t<\/span>\n\t\t\n\t\t<\/a>\n\t\t\t<div class=\"elementor-shortcode\"><\/div>\n\t\t\t\t\t\t<\/div>\n\t\t\t\t<\/div>\n\t\t\t\t<\/div>\n\t\t\t\t<\/div>\n\t\t<div class=\"elementor-element elementor-element-5c0f8a22 e-con-full e-flex e-con e-child\" data-id=\"5c0f8a22\" data-element_type=\"container\" data-e-type=\"container\" data-settings=\"{&quot;background_background&quot;:&quot;classic&quot;}\">\n\t\t\t\t<div class=\"elementor-element elementor-element-98f75c4 elementor-hidden-desktop elementor-hidden-tablet elementor-widget elementor-widget-image\" data-id=\"98f75c4\" data-element_type=\"widget\" data-e-type=\"widget\" data-widget_type=\"image.default\">\n\t\t\t\t<div class=\"elementor-widget-container\">\n\t\t\t\t\t\t\t\t\t\t\t\t\t\t\t<img decoding=\"async\" width=\"800\" height=\"612\" src=\"https:\/\/ecotic-envases.es\/wp-content\/uploads\/2025\/01\/hombre_phone.jpg\" class=\"attachment-large size-large wp-image-5405\" alt=\"\" srcset=\"https:\/\/ecotic-envases.es\/wp-content\/uploads\/2025\/01\/hombre_phone.jpg 860w, https:\/\/ecotic-envases.es\/wp-content\/uploads\/2025\/01\/hombre_phone-300x230.jpg 300w, https:\/\/ecotic-envases.es\/wp-content\/uploads\/2025\/01\/hombre_phone-768x588.jpg 768w\" sizes=\"(max-width: 800px) 100vw, 800px\" \/>\t\t\t\t\t\t\t\t\t\t\t\t\t\t\t<\/div>\n\t\t\t\t<\/div>\n\t\t\t\t<\/div>\n\t\t\t\t<\/div>\n\t\t<div class=\"elementor-element elementor-element-37170fd0 e-con-full e-flex e-con e-parent\" data-id=\"37170fd0\" data-element_type=\"container\" data-e-type=\"container\" data-settings=\"{&quot;background_background&quot;:&quot;classic&quot;}\">\n\t\t<div class=\"elementor-element elementor-element-16032862 e-con-full e-flex e-con e-child\" data-id=\"16032862\" data-element_type=\"container\" data-e-type=\"container\">\n\t\t\t\t<div class=\"elementor-element elementor-element-5b11da15 elementor-widget elementor-widget-heading\" data-id=\"5b11da15\" data-element_type=\"widget\" data-e-type=\"widget\" data-widget_type=\"heading.default\">\n\t\t\t\t<div class=\"elementor-widget-container\">\n\t\t\t\t\t<h2 class=\"elementor-heading-title elementor-size-default\">Plataforma de Gesti\u00f3 de Dades de Clients PRONEXA\u00a9<\/h2>\t\t\t\t<\/div>\n\t\t\t\t<\/div>\n\t\t\t\t<div class=\"elementor-element elementor-element-1ddfff37 elementor-widget elementor-widget-heading\" data-id=\"1ddfff37\" data-element_type=\"widget\" data-e-type=\"widget\" data-widget_type=\"heading.default\">\n\t\t\t\t<div class=\"elementor-widget-container\">\n\t\t\t\t\t<h3 class=\"elementor-heading-title elementor-size-default\">Simplifica els teus informes<\/h3>\t\t\t\t<\/div>\n\t\t\t\t<\/div>\n\t\t\t\t<div class=\"elementor-element elementor-element-513f1470 elementor-widget elementor-widget-text-editor\" data-id=\"513f1470\" data-element_type=\"widget\" data-e-type=\"widget\" data-widget_type=\"text-editor.default\">\n\t\t\t\t<div class=\"elementor-widget-container\">\n\t\t\t\t\t\t\t\t\t<p>Una de les teves obligacions principals com a productor \u00e9s el report regular de les quantitats venudes (Posades al Mercat &#8211; PoM) a tots els pa\u00efsos on est\u00e0s registrat. Els clients han de tenir en compte molts factors i, sovint, fracassen repetidament davant dels mateixos desafiaments. <\/p>\n<p>La Plataforma de Gesti\u00f3 de Dades de Clients PRONEXA\u00ae ajuda els fabricants a superar tots aquests desafiaments amb una \u00fanica soluci\u00f3.<\/p>\n\t\t\t\t\t\t\t\t<\/div>\n\t\t\t\t<\/div>\n\t\t<div class=\"elementor-element elementor-element-2854b5dc e-con-full e-flex e-con e-child\" data-id=\"2854b5dc\" data-element_type=\"container\" data-e-type=\"container\">\n\t\t\t\t<div class=\"elementor-element elementor-element-7eaad202 elementor-widget__width-inherit elementor-widget elementor-widget-shortcode\" data-id=\"7eaad202\" data-element_type=\"widget\" data-e-type=\"widget\" data-widget_type=\"shortcode.default\">\n\t\t\t\t<div class=\"elementor-widget-container\">\n\t\t\t\t\t\n\t\n\t\t<style>\n\t\t.Reportef\u00e1cil-desktop {\n\t\t\t\n\t\t\t-webkit-touch-callout: none;\n\t\t\t-webkit-user-select: none;\n\t\t\t-khtml-user-select: none;\n\t\t\t-moz-user-select: none;\n\t\t\t-ms-user-select: none;\n\t\t\tuser-select: none;\n\n\t\t\tbackground: #476C84 !important;\n\t\t\tmax-width: 154px !important;\n\t\t\tmin-width: 250px !important;\n\n\t\t\tpadding: 22px 20px  !important;\n\t\t\tborder: 1px solid transparent !important;\n\t\t\tborder-radius: 90px !important;\n\t\t\tfont-size: 20px !important;\n\t\t\tline-height: 20px !important;\n\t\t\tfont-weight: 500 !important;\n\t\t\tfont-family: \"Source Sans Pro\", sans-serif;\n\t\t\ttext-decoration: none !important;\n\t\t\tcolor: #fff !important;\n\n\t\t\tdisplay: inline-block;\n\t\t\tvertical-align: middle;\n\t\t\toverflow: hidden;\n\t\t\ttext-align: center;\n\t\t\tcursor: pointer;\n\t\t\twhite-space: nowrap;\n\t\t}\n\t\t.Reportef\u00e1cil-desktop span{\n\t\t\ttext-align: center !important;\n\t\t\twidth: 100% !important; \n\t\t\tpadding: 0 !important; \n\t\t\tmargin: 0 !important;\t\t\t\n\t\t}\n\t\t.Reportef\u00e1cil-desktop:hover {\n\t\t\tbackground: #fff !important;\n\t\t\tborder: 1px solid #000 !important;\n\t\t\tcolor: #476C84 !important;\n\t\t}\n\t\t.Reportef\u00e1cil-mobile {\t\t\t\n\t\t\t-webkit-touch-callout: none;\n\t\t\t-webkit-user-select: none;\n\t\t\t-khtml-user-select: none;\n\t\t\t-moz-user-select: none;\n\t\t\t-ms-user-select: none;\n\t\t\tuser-select: none;\n\n\t\t\tbackground: #476C84 !important;\n\t\t\tmax-width: 100% !important;\n\t\t\tmin-width: 100% !important;\n\n\t\t\tpadding: 22px 20px  !important;\n\t\t\tborder: 1px solid transparent !important;\n\t\t\tborder-radius: 90px !important;\n\t\t\tfont-size: 0.9em !important;\n\t\t\tline-height: 0.9em !important;\n\t\t\tfont-family: \"Source Sans Pro\", sans-serif;\n\t\t\tfont-weight: 500 !important;\n\t\t\ttext-decoration: none !important;\n\t\t\tcolor: #fff !important;\n\n\t\t\tdisplay: inline-block;\n\t\t\tvertical-align: middle;\n\t\t\toverflow: hidden;\n\t\t\ttext-decoration: none;\n\t\t\ttext-align: center;\n\t\t\tcursor: pointer;\n\t\t\twhite-space: nowrap;\n\t\t}\n\t\t.Reportef\u00e1cil-mobile span {\n\t\t\ttext-align: center !important;\n\t\t\twidth: 100% !important; \n\t\t\tpadding: 0 !important; \n\t\t\tmargin: 0 !important;\t\t\t\n\t\t}\n\t\t<\/style>\n\t\t<a href=\"https:\/\/pronexa.com\/platform\/?utm_source=ecotic_es&amp;utm_medium=PRO+website_ml&amp;utm_campaign=Relaunch\"  target=\"_blank\" class=\"hide-on-mobile Reportef\u00e1cil-desktop\">\n\t\t<span>\n\t\t\tReport senzill\n\t\t\t<\/span>\n\t\t\t<\/a>\n\t\t<a href=\"https:\/\/pronexa.com\/platform\/?utm_source=ecotic_es&amp;utm_medium=PRO+website_ml&amp;utm_campaign=Relaunch\" target=\"_blank\" class=\"hide-on-desktop Reportef\u00e1cil-mobile\">\n\t\t<span>\n\t\t\tReport senzill\n\t\t\t<\/span>\n\t\t\n\t\t<\/a>\n\t\t\t<div class=\"elementor-shortcode\"><\/div>\n\t\t\t\t\t\t<\/div>\n\t\t\t\t<\/div>\n\t\t\t\t<\/div>\n\t\t\t\t<\/div>\n\t\t<div class=\"elementor-element elementor-element-738352e2 e-con-full e-flex e-con e-child\" data-id=\"738352e2\" data-element_type=\"container\" data-e-type=\"container\" data-settings=\"{&quot;background_background&quot;:&quot;classic&quot;}\">\n\t\t\t\t<div class=\"elementor-element elementor-element-4b1c90cf elementor-hidden-desktop elementor-hidden-tablet elementor-widget elementor-widget-image\" data-id=\"4b1c90cf\" data-element_type=\"widget\" data-e-type=\"widget\" data-widget_type=\"image.default\">\n\t\t\t\t<div class=\"elementor-widget-container\">\n\t\t\t\t\t\t\t\t\t\t\t\t\t\t\t<img decoding=\"async\" width=\"800\" height=\"612\" src=\"https:\/\/ecotic-envases.es\/wp-content\/uploads\/2025\/01\/ordenador_phone-1030x788.jpg\" class=\"attachment-large size-large wp-image-5411\" alt=\"\" srcset=\"https:\/\/ecotic-envases.es\/wp-content\/uploads\/2025\/01\/ordenador_phone-1030x788.jpg 1030w, https:\/\/ecotic-envases.es\/wp-content\/uploads\/2025\/01\/ordenador_phone-300x230.jpg 300w, https:\/\/ecotic-envases.es\/wp-content\/uploads\/2025\/01\/ordenador_phone-768x588.jpg 768w, https:\/\/ecotic-envases.es\/wp-content\/uploads\/2025\/01\/ordenador_phone.jpg 1290w\" sizes=\"(max-width: 800px) 100vw, 800px\" \/>\t\t\t\t\t\t\t\t\t\t\t\t\t\t\t<\/div>\n\t\t\t\t<\/div>\n\t\t\t\t<\/div>\n\t\t\t\t<\/div>\n\t\t\t\t<\/div>\n\t\t","protected":false},"excerpt":{"rendered":"<p>ECOTIC forma part de PRONEXA, la xarxa l\u00edder a Europa de RAP ECOTIC forma part de PRONEXA, la xarxa l\u00edder a Europa de RAP Qu\u00e8 \u00e9s PRONEXA? PRONEXA \u00e9s una alian\u00e7a dels Sistemes Col\u00b7lectius l\u00edders a Europa, amb la seva oficina central a Munic, que ofereix als productors un punt de contacte central per al [&hellip;]<\/p>\n","protected":false},"author":2,"featured_media":0,"parent":0,"menu_order":0,"comment_status":"closed","ping_status":"closed","template":"","meta":{"footnotes":""},"class_list":["post-5456","page","type-page","status-publish","hentry"],"_links":{"self":[{"href":"https:\/\/ecotic-envases.es\/ca\/wp-json\/wp\/v2\/pages\/5456","targetHints":{"allow":["GET"]}}],"collection":[{"href":"https:\/\/ecotic-envases.es\/ca\/wp-json\/wp\/v2\/pages"}],"about":[{"href":"https:\/\/ecotic-envases.es\/ca\/wp-json\/wp\/v2\/types\/page"}],"author":[{"embeddable":true,"href":"https:\/\/ecotic-envases.es\/ca\/wp-json\/wp\/v2\/users\/2"}],"replies":[{"embeddable":true,"href":"https:\/\/ecotic-envases.es\/ca\/wp-json\/wp\/v2\/comments?post=5456"}],"version-history":[{"count":1,"href":"https:\/\/ecotic-envases.es\/ca\/wp-json\/wp\/v2\/pages\/5456\/revisions"}],"predecessor-version":[{"id":5457,"href":"https:\/\/ecotic-envases.es\/ca\/wp-json\/wp\/v2\/pages\/5456\/revisions\/5457"}],"wp:attachment":[{"href":"https:\/\/ecotic-envases.es\/ca\/wp-json\/wp\/v2\/media?parent=5456"}],"curies":[{"name":"wp","href":"https:\/\/api.w.org\/{rel}","templated":true}]}}