{"id":4053,"date":"2023-05-10T20:06:04","date_gmt":"2023-05-10T18:06:04","guid":{"rendered":"https:\/\/ecotic-envases.es\/serveis-distribuidors\/"},"modified":"2024-06-17T16:13:57","modified_gmt":"2024-06-17T14:13:57","slug":"serveis-distribuidors","status":"publish","type":"page","link":"https:\/\/ecotic-envases.es\/ca\/serveis-distribuidors\/","title":{"rendered":"Serveis &#8211; Distribu\u00efdors."},"content":{"rendered":"\t\t<div data-elementor-type=\"wp-page\" data-elementor-id=\"4053\" class=\"elementor elementor-4053 elementor-562\" data-elementor-post-type=\"page\">\n\t\t\t\t<div class=\"elementor-element elementor-element-5ac19b30 e-flex e-con-boxed e-con e-parent\" data-id=\"5ac19b30\" data-element_type=\"container\" data-e-type=\"container\" data-settings=\"{&quot;background_background&quot;:&quot;classic&quot;}\">\n\t\t\t\t\t<div class=\"e-con-inner\">\n\t\t<div class=\"elementor-element elementor-element-1ee925f9 e-con-full e-flex e-con e-child\" data-id=\"1ee925f9\" data-element_type=\"container\" data-e-type=\"container\">\n\t\t\t\t<div class=\"elementor-element elementor-element-681b17d1 elementor-widget elementor-widget-text-editor\" data-id=\"681b17d1\" data-element_type=\"widget\" data-e-type=\"widget\" data-widget_type=\"text-editor.default\">\n\t\t\t\t<div class=\"elementor-widget-container\">\n\t\t\t\t\t\t\t\t\t<p>S\u00f3c distribu\u00efdor<\/p>\n\t\t\t\t\t\t\t\t<\/div>\n\t\t\t\t<\/div>\n\t\t\t\t<div class=\"elementor-element elementor-element-4a0ba753 elementor-widget__width-initial elementor-widget elementor-widget-heading\" data-id=\"4a0ba753\" data-element_type=\"widget\" data-e-type=\"widget\" data-widget_type=\"heading.default\">\n\t\t\t\t<div class=\"elementor-widget-container\">\n\t\t\t\t\t<h1 class=\"elementor-heading-title elementor-size-default\">El reciclatge, m\u00e9s f\u00e0cil que mai<\/h1>\t\t\t\t<\/div>\n\t\t\t\t<\/div>\n\t\t\t\t<\/div>\n\t\t\t\t\t<\/div>\n\t\t\t\t<\/div>\n\t\t<div class=\"elementor-element elementor-element-821416b elementor-hidden-desktop elementor-hidden-tablet e-flex e-con-boxed e-con e-parent\" data-id=\"821416b\" data-element_type=\"container\" data-e-type=\"container\" data-settings=\"{&quot;background_background&quot;:&quot;classic&quot;}\">\n\t\t\t\t\t<div class=\"e-con-inner\">\n\t\t\t\t<div class=\"elementor-element elementor-element-23b09735 elementor-hidden-desktop elementor-hidden-tablet elementor-widget elementor-widget-image\" data-id=\"23b09735\" data-element_type=\"widget\" data-e-type=\"widget\" data-widget_type=\"image.default\">\n\t\t\t\t<div class=\"elementor-widget-container\">\n\t\t\t\t\t\t\t\t\t\t\t\t\t\t\t<img fetchpriority=\"high\" decoding=\"async\" width=\"940\" height=\"700\" src=\"https:\/\/ecotic-envases.es\/wp-content\/uploads\/2024\/04\/Distribuidores_Cabecera_S.png\" class=\"attachment-full size-full wp-image-4064\" alt=\"\" srcset=\"https:\/\/ecotic-envases.es\/wp-content\/uploads\/2024\/04\/Distribuidores_Cabecera_S.png 940w, https:\/\/ecotic-envases.es\/wp-content\/uploads\/2024\/04\/Distribuidores_Cabecera_S-300x223.png 300w, https:\/\/ecotic-envases.es\/wp-content\/uploads\/2024\/04\/Distribuidores_Cabecera_S-768x572.png 768w\" sizes=\"(max-width: 940px) 100vw, 940px\" \/>\t\t\t\t\t\t\t\t\t\t\t\t\t\t\t<\/div>\n\t\t\t\t<\/div>\n\t\t\t\t\t<\/div>\n\t\t\t\t<\/div>\n\t\t<div class=\"elementor-element elementor-element-c6ab95c e-flex e-con-boxed e-con e-parent\" data-id=\"c6ab95c\" data-element_type=\"container\" data-e-type=\"container\" data-settings=\"{&quot;background_background&quot;:&quot;classic&quot;}\">\n\t\t\t\t\t<div class=\"e-con-inner\">\n\t\t\t\t<div class=\"elementor-element elementor-element-bbed17d elementor-widget elementor-widget-heading\" data-id=\"bbed17d\" data-element_type=\"widget\" data-e-type=\"widget\" data-widget_type=\"heading.default\">\n\t\t\t\t<div class=\"elementor-widget-container\">\n\t\t\t\t\t<h2 class=\"elementor-heading-title elementor-size-default\">Quines s\u00f3n les teves responsabilitats?<\/h2>\t\t\t\t<\/div>\n\t\t\t\t<\/div>\n\t\t<div class=\"elementor-element elementor-element-9a59494 e-flex e-con-boxed e-con e-child\" data-id=\"9a59494\" data-element_type=\"container\" data-e-type=\"container\">\n\t\t\t\t\t<div class=\"e-con-inner\">\n\t\t<div class=\"elementor-element elementor-element-2f140fc e-flex e-con-boxed e-con e-child\" data-id=\"2f140fc\" data-element_type=\"container\" data-e-type=\"container\">\n\t\t\t\t\t<div class=\"e-con-inner\">\n\t\t\t\t<div class=\"elementor-element elementor-element-ec10d77 elementor-widget elementor-widget-text-editor\" data-id=\"ec10d77\" data-element_type=\"widget\" data-e-type=\"widget\" data-widget_type=\"text-editor.default\">\n\t\t\t\t<div class=\"elementor-widget-container\">\n\t\t\t\t\t\t\t\t\t<p>+ <strong>Responsabilitat Ampliada del Productor (SCRAP):<\/strong> Implica que els distribu\u00efdors de productes envasats s\u00f3n responsables de la gesti\u00f3 dels envasos una vegada que es converteixen en residus. Aix\u00f2 vol dir que tenen la responsabilitat de finan\u00e7ar i gestionar els sistemes de recollida selectiva, reciclatge i tractament d&#8217;aquests residus.<\/p>\n<p>+ <strong>Registre i compliment normatiu:<\/strong> Els distribu\u00efdors estan obligats a registrar-se al Registre de Productors de Productes i Residus d&#8217;Envasos (REPPRE) i complir amb els requisits establerts a la normativa vigent en mat\u00e8ria de gesti\u00f3 de residus d&#8217;envasos.<\/p>\n\t\t\t\t\t\t\t\t<\/div>\n\t\t\t\t<\/div>\n\t\t\t\t\t<\/div>\n\t\t\t\t<\/div>\n\t\t<div class=\"elementor-element elementor-element-48931dd e-flex e-con-boxed e-con e-child\" data-id=\"48931dd\" data-element_type=\"container\" data-e-type=\"container\">\n\t\t\t\t\t<div class=\"e-con-inner\">\n\t\t\t\t<div class=\"elementor-element elementor-element-9027169 elementor-widget elementor-widget-text-editor\" data-id=\"9027169\" data-element_type=\"widget\" data-e-type=\"widget\" data-widget_type=\"text-editor.default\">\n\t\t\t\t<div class=\"elementor-widget-container\">\n\t\t\t\t\t\t\t\t\t<p>+ <strong>Etiquetatge i informaci\u00f3 al consumidor:<\/strong> Els distribu\u00efdors han de garantir que els envasos que posen al mercat compleixin els requisits d&#8217;etiquetatge establerts a la normativa espanyola, incloent-hi informaci\u00f3 sobre el material de l&#8217;env\u00e0s, instruccions de reciclatge i altres dades rellevants.<\/p>\n<p>+ <strong>Promoci\u00f3 de leconomia circular:<\/strong> Els distribu\u00efdors poden tenir la responsabilitat de promoure pr\u00e0ctiques comercials i envasos que fomentin leconomia circular i la reducci\u00f3 de limpacte ambiental dels envasos.<\/p>\n\t\t\t\t\t\t\t\t<\/div>\n\t\t\t\t<\/div>\n\t\t\t\t\t<\/div>\n\t\t\t\t<\/div>\n\t\t\t\t\t<\/div>\n\t\t\t\t<\/div>\n\t\t\t\t\t<\/div>\n\t\t\t\t<\/div>\n\t\t<div class=\"elementor-element elementor-element-2ab902b e-flex e-con-boxed e-con e-parent\" data-id=\"2ab902b\" data-element_type=\"container\" data-e-type=\"container\" data-settings=\"{&quot;background_background&quot;:&quot;classic&quot;}\">\n\t\t\t\t\t<div class=\"e-con-inner\">\n\t\t\t\t<div class=\"elementor-element elementor-element-81d1f43 elementor-widget elementor-widget-heading\" data-id=\"81d1f43\" data-element_type=\"widget\" data-e-type=\"widget\" data-widget_type=\"heading.default\">\n\t\t\t\t<div class=\"elementor-widget-container\">\n\t\t\t\t\t<h2 class=\"elementor-heading-title elementor-size-default\">Per qu\u00e8 \u00e9s important que compleixis la llei?<\/h2>\t\t\t\t<\/div>\n\t\t\t\t<\/div>\n\t\t\t\t<div class=\"elementor-element elementor-element-6322f59 elementor-widget elementor-widget-text-editor\" data-id=\"6322f59\" data-element_type=\"widget\" data-e-type=\"widget\" data-widget_type=\"text-editor.default\">\n\t\t\t\t<div class=\"elementor-widget-container\">\n\t\t\t\t\t\t\t\t\t<p>A m\u00e9s del greu perjudici mediambiental que pot ocasionar la gesti\u00f3 inadequada dels envasos, l&#8217;incompliment de la Llei 1055\/2022 sobre Envasos i els seus residus per part dels distribu\u00efdors implica la penalitzaci\u00f3 mitjan\u00e7ant multes o altres sancions, com s\u00f3n la inhabilitaci\u00f3 professional temporal o la cloenda de les seves instal\u00b7lacions.<\/p>\n<p>Aquestes sancions es complementen a m\u00e9s a m\u00e9s amb sancions econ\u00f2miques des dels 2.001\u20ac fins als 100.000\u20ac.<\/p>\n\t\t\t\t\t\t\t\t<\/div>\n\t\t\t\t<\/div>\n\t\t<div class=\"elementor-element elementor-element-489ff16 e-con-full e-flex e-con e-child\" data-id=\"489ff16\" data-element_type=\"container\" data-e-type=\"container\">\n\t\t\t\t<div class=\"elementor-element elementor-element-37fa1cf elementor-widget elementor-widget-shortcode\" data-id=\"37fa1cf\" data-element_type=\"widget\" data-e-type=\"widget\" data-widget_type=\"shortcode.default\">\n\t\t\t\t<div class=\"elementor-widget-container\">\n\t\t\t\t\t\n\t\n\t\t<style>\n\t\t.RD1055-2022-desktop {\n\t\t\t\n\t\t\t-webkit-touch-callout: none;\n\t\t\t-webkit-user-select: none;\n\t\t\t-khtml-user-select: none;\n\t\t\t-moz-user-select: none;\n\t\t\t-ms-user-select: none;\n\t\t\tuser-select: none;\n\n\t\t\tbackground: #fff !important;\n\t\t\tmax-width: 100% !important;\n\t\t\tmin-width: 180px !important;\n\n\t\t\tpadding: 22px 20px  !important;\n\t\t\tborder: 1px solid #fff !important;\n\t\t\tborder-radius: 90px !important;\n\t\t\tfont-size: 20px !important;\n\t\t\tline-height: 20px !important;\n\t\t\tfont-weight: 300 !important;\n\t\t\tfont-family: \"Source Sans Pro\", sans-serif;\n\t\t\ttext-decoration: none !important;\n\t\t\tcolor: #132F42 !important;\n\n\t\t\tdisplay: inline-block;\n\t\t\tvertical-align: middle;\n\t\t\toverflow: hidden;\n\t\t\ttext-align: center;\n\t\t\tcursor: pointer;\n\t\t\twhite-space: nowrap;\n\t\t}\n\t\t.RD1055-2022-desktop span{\n\t\t\ttext-align: center !important;\n\t\t\twidth: 100% !important; \n\t\t\tpadding: 0 !important; \n\t\t\tmargin: 0 !important;\t\t\t\n\t\t}\n\t\t.RD1055-2022-desktop:hover {\n\t\t\tbackground: #132F42 !important;\n\t\t\tborder: 1px solid #132F42 !important;\n\t\t\tcolor: #fff !important;\n\t\t}\n\t\t.RD1055-2022-mobile {\t\t\t\n\t\t\t-webkit-touch-callout: none;\n\t\t\t-webkit-user-select: none;\n\t\t\t-khtml-user-select: none;\n\t\t\t-moz-user-select: none;\n\t\t\t-ms-user-select: none;\n\t\t\tuser-select: none;\n\n\t\t\tbackground: #fff !important;\n\t\t\tmax-width: 100% !important;\n\t\t\tmin-width: 100% !important;\n\n\t\t\tpadding: 22px 20px  !important;\n\t\t\tborder: 1px solid #fff !important;\n\t\t\tborder-radius: 90px !important;\n\t\t\tfont-size: 0.9em !important;\n\t\t\tline-height: 0.9em !important;\n\t\t\tfont-family: \"Source Sans Pro\", sans-serif;\n\t\t\tfont-weight: 300 !important;\n\t\t\ttext-decoration: none !important;\n\t\t\tcolor: #132F42 !important;\n\n\t\t\tdisplay: inline-block;\n\t\t\tvertical-align: middle;\n\t\t\toverflow: hidden;\n\t\t\ttext-decoration: none;\n\t\t\ttext-align: center;\n\t\t\tcursor: pointer;\n\t\t\twhite-space: nowrap;\n\t\t}\n\t\t.RD1055-2022-mobile span {\n\t\t\ttext-align: center !important;\n\t\t\twidth: 100% !important; \n\t\t\tpadding: 0 !important; \n\t\t\tmargin: 0 !important;\t\t\t\n\t\t}\n\t\t<\/style>\n\t\t<a href=\"https:\/\/www.boe.es\/buscar\/act.php?id=BOE-A-2022-22690\"  target=\"_blank\" class=\"hide-on-mobile RD1055-2022-desktop\">\n\t\t<span>\n\t\t\tRD 1055\/2022\n\t\t\t<\/span>\n\t\t\t<\/a>\n\t\t<a href=\"https:\/\/www.boe.es\/buscar\/act.php?id=BOE-A-2022-22690\" target=\"_blank\" class=\"hide-on-desktop RD1055-2022-mobile\">\n\t\t<span>\n\t\t\tRD 1055\/2022\n\t\t\t<\/span>\n\t\t\n\t\t<\/a>\n\t\t\t<div class=\"elementor-shortcode\"><\/div>\n\t\t\t\t\t\t<\/div>\n\t\t\t\t<\/div>\n\t\t\t\t<\/div>\n\t\t\t\t\t<\/div>\n\t\t\t\t<\/div>\n\t\t<div class=\"elementor-element elementor-element-74dc68e e-con-full elementor-hidden-mobile e-flex e-con e-parent\" data-id=\"74dc68e\" data-element_type=\"container\" data-e-type=\"container\">\n\t\t\t\t<div class=\"elementor-element elementor-element-d6f92e0 elementor-widget elementor-widget-image\" data-id=\"d6f92e0\" data-element_type=\"widget\" data-e-type=\"widget\" data-widget_type=\"image.default\">\n\t\t\t\t<div class=\"elementor-widget-container\">\n\t\t\t\t\t\t\t\t\t\t\t\t\t\t\t<img decoding=\"async\" width=\"1562\" height=\"631\" src=\"https:\/\/ecotic-envases.es\/wp-content\/uploads\/2024\/04\/Corte-Ingles_26012023_7C1A3171-1.jpg\" class=\"attachment-full size-full wp-image-4065\" alt=\"\" srcset=\"https:\/\/ecotic-envases.es\/wp-content\/uploads\/2024\/04\/Corte-Ingles_26012023_7C1A3171-1.jpg 1562w, https:\/\/ecotic-envases.es\/wp-content\/uploads\/2024\/04\/Corte-Ingles_26012023_7C1A3171-1-300x121.jpg 300w, https:\/\/ecotic-envases.es\/wp-content\/uploads\/2024\/04\/Corte-Ingles_26012023_7C1A3171-1-1030x416.jpg 1030w, https:\/\/ecotic-envases.es\/wp-content\/uploads\/2024\/04\/Corte-Ingles_26012023_7C1A3171-1-768x310.jpg 768w, https:\/\/ecotic-envases.es\/wp-content\/uploads\/2024\/04\/Corte-Ingles_26012023_7C1A3171-1-1536x620.jpg 1536w\" sizes=\"(max-width: 1562px) 100vw, 1562px\" \/>\t\t\t\t\t\t\t\t\t\t\t\t\t\t\t<\/div>\n\t\t\t\t<\/div>\n\t\t\t\t<\/div>\n\t\t<div class=\"elementor-element elementor-element-f052771 e-con-full elementor-hidden-desktop elementor-hidden-tablet e-flex e-con e-parent\" data-id=\"f052771\" data-element_type=\"container\" data-e-type=\"container\">\n\t\t\t\t<div class=\"elementor-element elementor-element-ebe5cc9 elementor-widget elementor-widget-image\" data-id=\"ebe5cc9\" data-element_type=\"widget\" data-e-type=\"widget\" data-widget_type=\"image.default\">\n\t\t\t\t<div class=\"elementor-widget-container\">\n\t\t\t\t\t\t\t\t\t\t\t\t\t\t\t<img decoding=\"async\" width=\"800\" height=\"323\" src=\"https:\/\/ecotic-envases.es\/wp-content\/uploads\/2024\/04\/Corte-Ingles_26012023_7C1A3171-1-1030x416.jpg\" class=\"attachment-large size-large wp-image-4065\" alt=\"\" srcset=\"https:\/\/ecotic-envases.es\/wp-content\/uploads\/2024\/04\/Corte-Ingles_26012023_7C1A3171-1-1030x416.jpg 1030w, https:\/\/ecotic-envases.es\/wp-content\/uploads\/2024\/04\/Corte-Ingles_26012023_7C1A3171-1-300x121.jpg 300w, https:\/\/ecotic-envases.es\/wp-content\/uploads\/2024\/04\/Corte-Ingles_26012023_7C1A3171-1-768x310.jpg 768w, https:\/\/ecotic-envases.es\/wp-content\/uploads\/2024\/04\/Corte-Ingles_26012023_7C1A3171-1-1536x620.jpg 1536w, https:\/\/ecotic-envases.es\/wp-content\/uploads\/2024\/04\/Corte-Ingles_26012023_7C1A3171-1.jpg 1562w\" sizes=\"(max-width: 800px) 100vw, 800px\" \/>\t\t\t\t\t\t\t\t\t\t\t\t\t\t\t<\/div>\n\t\t\t\t<\/div>\n\t\t\t\t<\/div>\n\t\t<div class=\"elementor-element elementor-element-2ef9888 e-flex e-con-boxed e-con e-parent\" data-id=\"2ef9888\" data-element_type=\"container\" data-e-type=\"container\" data-settings=\"{&quot;background_background&quot;:&quot;classic&quot;}\">\n\t\t\t\t\t<div class=\"e-con-inner\">\n\t\t\t\t<div class=\"elementor-element elementor-element-68528bd elementor-widget elementor-widget-heading\" data-id=\"68528bd\" data-element_type=\"widget\" data-e-type=\"widget\" data-widget_type=\"heading.default\">\n\t\t\t\t<div class=\"elementor-widget-container\">\n\t\t\t\t\t<h2 class=\"elementor-heading-title elementor-size-default\">Qu\u00e8 et podem oferir?<\/h2>\t\t\t\t<\/div>\n\t\t\t\t<\/div>\n\t\t\t\t<div class=\"elementor-element elementor-element-9bba31b elementor-widget elementor-widget-text-editor\" data-id=\"9bba31b\" data-element_type=\"widget\" data-e-type=\"widget\" data-widget_type=\"text-editor.default\">\n\t\t\t\t<div class=\"elementor-widget-container\">\n\t\t\t\t\t\t\t\t\t<p>A ECOTIC Envasos disposem de la millor plataforma per a la recollida i gesti\u00f3 dels envasos i els seus residus, adaptable a les necessitats espec\u00edfiques de les empreses amb qu\u00e8 col\u00b7laborem, i assessorant-les sobre els requisits i condicions establertes per normativa.<\/p>\n<p>\u2713 Gesti\u00f3 dels envasos al final de la seva vida \u00fatil, incloent-hi la recollida a les instal\u00b7lacions del distribu\u00efdor, el transport i el tractament per part d&#8217;un gestor autoritzat.<\/p>\n<p>\u2713 Assessorament sobre les condicions de recollida i transport, per garantir les condicions \u00f2ptimes quant a necessitats log\u00edstiques.<\/p>\n<p>\u2713 Assessorament sobre les condicions d&#8217;emmagatzematge dels envasos i els requisits de les instal\u00b7lacions de recollida, per garantir la conservaci\u00f3 adequada dels residus fins al transport cap als gestors autoritzats.<\/p>\n<p>\u2713 Identificaci\u00f3 dels envasos mitjan\u00e7ant etiquetes electr\u00f2niques, per assegurar la tra\u00e7abilitat dels residus fins a la destinaci\u00f3 final.<\/p>\n<p>\u2713 Suport en la identificaci\u00f3 de productors que compleixen la normativa vigent, per evitar possibles eventualitats derivades d&#8217;irregularitats.<\/p>\n<p>\u2713 Compliment dels requisits de reutilitzaci\u00f3 dels envasos, sempre que sigui possible.<\/p>\n\t\t\t\t\t\t\t\t<\/div>\n\t\t\t\t<\/div>\n\t\t<div class=\"elementor-element elementor-element-1231707 e-flex e-con-boxed e-con e-child\" data-id=\"1231707\" data-element_type=\"container\" data-e-type=\"container\">\n\t\t\t\t\t<div class=\"e-con-inner\">\n\t\t<div class=\"elementor-element elementor-element-502a1f1 e-flex e-con-boxed e-con e-child\" data-id=\"502a1f1\" data-element_type=\"container\" data-e-type=\"container\">\n\t\t\t\t\t<div class=\"e-con-inner\">\n\t\t\t\t<div class=\"elementor-element elementor-element-156d3d5 elementor-widget elementor-widget-text-editor\" data-id=\"156d3d5\" data-element_type=\"widget\" data-e-type=\"widget\" data-widget_type=\"text-editor.default\">\n\t\t\t\t<div class=\"elementor-widget-container\">\n\t\t\t\t\t\t\t\t\t<ul>\n \t<li><strong>Compensaci\u00f3 econ\u00f2mica<\/strong> pels costos demmagatzematge i log\u00edstica inversa.<\/li>\n \t<li><strong>Recollida gratu\u00efta<\/strong> a les instal\u00b7lacions.<\/li>\n<\/ul>\t\t\t\t\t\t\t\t<\/div>\n\t\t\t\t<\/div>\n\t\t\t\t\t<\/div>\n\t\t\t\t<\/div>\n\t\t<div class=\"elementor-element elementor-element-d9071cc e-flex e-con-boxed e-con e-child\" data-id=\"d9071cc\" data-element_type=\"container\" data-e-type=\"container\">\n\t\t\t\t\t<div class=\"e-con-inner\">\n\t\t\t\t<div class=\"elementor-element elementor-element-463e0b9 elementor-widget elementor-widget-text-editor\" data-id=\"463e0b9\" data-element_type=\"widget\" data-e-type=\"widget\" data-widget_type=\"text-editor.default\">\n\t\t\t\t<div class=\"elementor-widget-container\">\n\t\t\t\t\t\t\t\t\t<ul>\n \t<li><strong>Tra\u00e7abilitat dels residus<\/strong> mitjan\u00e7ant la plataforma inform\u00e0tica d&#8217;ECOTIC.<\/li>\n \t<li><strong>Alta com a punt de recollida<\/strong> sense cap cost.<\/li>\n<\/ul>\t\t\t\t\t\t\t\t<\/div>\n\t\t\t\t<\/div>\n\t\t\t\t\t<\/div>\n\t\t\t\t<\/div>\n\t\t\t\t\t<\/div>\n\t\t\t\t<\/div>\n\t\t<div class=\"elementor-element elementor-element-626cbb2 e-con-full e-flex e-con e-child\" data-id=\"626cbb2\" data-element_type=\"container\" data-e-type=\"container\">\n\t\t\t\t<div class=\"elementor-element elementor-element-36cf810 elementor-widget elementor-widget-shortcode\" data-id=\"36cf810\" data-element_type=\"widget\" data-e-type=\"widget\" data-widget_type=\"shortcode.default\">\n\t\t\t\t<div class=\"elementor-widget-container\">\n\t\t\t\t\t\n\t\n\t\t<style>\n\t\t.Contacta-desktop {\n\t\t\t\n\t\t\t-webkit-touch-callout: none;\n\t\t\t-webkit-user-select: none;\n\t\t\t-khtml-user-select: none;\n\t\t\t-moz-user-select: none;\n\t\t\t-ms-user-select: none;\n\t\t\tuser-select: none;\n\n\t\t\tbackground: #132F42 !important;\n\t\t\tmax-width: 217px !important;\n\t\t\tmin-width: 180px !important;\n\n\t\t\tpadding: 22px 20px  !important;\n\t\t\tborder: 1px solid #132F42 !important;\n\t\t\tborder-radius: 90px !important;\n\t\t\tfont-size: 20px !important;\n\t\t\tline-height: 20px !important;\n\t\t\tfont-weight: 500 !important;\n\t\t\tfont-family: \"Source Sans Pro\", sans-serif;\n\t\t\ttext-decoration: none !important;\n\t\t\tcolor: #fff !important;\n\n\t\t\tdisplay: inline-block;\n\t\t\tvertical-align: middle;\n\t\t\toverflow: hidden;\n\t\t\ttext-align: center;\n\t\t\tcursor: pointer;\n\t\t\twhite-space: nowrap;\n\t\t}\n\t\t.Contacta-desktop span{\n\t\t\ttext-align: center !important;\n\t\t\twidth: 100% !important; \n\t\t\tpadding: 0 !important; \n\t\t\tmargin: 0 !important;\t\t\t\n\t\t}\n\t\t.Contacta-desktop:hover {\n\t\t\tbackground: #fff !important;\n\t\t\tborder: 1px solid #000 !important;\n\t\t\tcolor: #132F42 !important;\n\t\t}\n\t\t.Contacta-mobile {\t\t\t\n\t\t\t-webkit-touch-callout: none;\n\t\t\t-webkit-user-select: none;\n\t\t\t-khtml-user-select: none;\n\t\t\t-moz-user-select: none;\n\t\t\t-ms-user-select: none;\n\t\t\tuser-select: none;\n\n\t\t\tbackground: #132F42 !important;\n\t\t\tmax-width: 100% !important;\n\t\t\tmin-width: 100% !important;\n\n\t\t\tpadding: 22px 20px  !important;\n\t\t\tborder: 1px solid #132F42 !important;\n\t\t\tborder-radius: 90px !important;\n\t\t\tfont-size: 0.9em !important;\n\t\t\tline-height: 0.9em !important;\n\t\t\tfont-family: \"Source Sans Pro\", sans-serif;\n\t\t\tfont-weight: 500 !important;\n\t\t\ttext-decoration: none !important;\n\t\t\tcolor: #fff !important;\n\n\t\t\tdisplay: inline-block;\n\t\t\tvertical-align: middle;\n\t\t\toverflow: hidden;\n\t\t\ttext-decoration: none;\n\t\t\ttext-align: center;\n\t\t\tcursor: pointer;\n\t\t\twhite-space: nowrap;\n\t\t}\n\t\t.Contacta-mobile span {\n\t\t\ttext-align: center !important;\n\t\t\twidth: 100% !important; \n\t\t\tpadding: 0 !important; \n\t\t\tmargin: 0 !important;\t\t\t\n\t\t}\n\t\t<\/style>\n\t\t<a href=\"\/ca\/Contacta\"  target=\"_blank\" class=\"hide-on-mobile Contacta-desktop\">\n\t\t<span>\n\t\t\tContacta\n\t\t\t<\/span>\n\t\t\t<\/a>\n\t\t<a href=\"\/ca\/Contacta\" target=\"_blank\" class=\"hide-on-desktop Contacta-mobile\">\n\t\t<span>\n\t\t\tContacta\n\t\t\t<\/span>\n\t\t\n\t\t<\/a>\n\t\t\t<div class=\"elementor-shortcode\"><\/div>\n\t\t\t\t\t\t<\/div>\n\t\t\t\t<\/div>\n\t\t\t\t<\/div>\n\t\t\t\t\t<\/div>\n\t\t\t\t<\/div>\n\t\t\t\t<\/div>\n\t\t","protected":false},"excerpt":{"rendered":"<p>S\u00f3c distribu\u00efdor El reciclatge, m\u00e9s f\u00e0cil que mai Quines s\u00f3n les teves responsabilitats? + Responsabilitat Ampliada del Productor (SCRAP): Implica que els distribu\u00efdors de productes envasats s\u00f3n responsables de la gesti\u00f3 dels envasos una vegada que es converteixen en residus. Aix\u00f2 vol dir que tenen la responsabilitat de finan\u00e7ar i gestionar els sistemes de recollida [&hellip;]<\/p>\n","protected":false},"author":2,"featured_media":0,"parent":0,"menu_order":0,"comment_status":"closed","ping_status":"closed","template":"","meta":{"footnotes":""},"class_list":["post-4053","page","type-page","status-publish","hentry"],"_links":{"self":[{"href":"https:\/\/ecotic-envases.es\/ca\/wp-json\/wp\/v2\/pages\/4053","targetHints":{"allow":["GET"]}}],"collection":[{"href":"https:\/\/ecotic-envases.es\/ca\/wp-json\/wp\/v2\/pages"}],"about":[{"href":"https:\/\/ecotic-envases.es\/ca\/wp-json\/wp\/v2\/types\/page"}],"author":[{"embeddable":true,"href":"https:\/\/ecotic-envases.es\/ca\/wp-json\/wp\/v2\/users\/2"}],"replies":[{"embeddable":true,"href":"https:\/\/ecotic-envases.es\/ca\/wp-json\/wp\/v2\/comments?post=4053"}],"version-history":[{"count":4,"href":"https:\/\/ecotic-envases.es\/ca\/wp-json\/wp\/v2\/pages\/4053\/revisions"}],"predecessor-version":[{"id":5053,"href":"https:\/\/ecotic-envases.es\/ca\/wp-json\/wp\/v2\/pages\/4053\/revisions\/5053"}],"wp:attachment":[{"href":"https:\/\/ecotic-envases.es\/ca\/wp-json\/wp\/v2\/media?parent=4053"}],"curies":[{"name":"wp","href":"https:\/\/api.w.org\/{rel}","templated":true}]}}