{"id":4028,"date":"2023-05-10T20:42:00","date_gmt":"2023-05-10T18:42:00","guid":{"rendered":"https:\/\/ecotic-envases.es\/serveis-consumidors\/"},"modified":"2024-06-16T21:16:56","modified_gmt":"2024-06-16T19:16:56","slug":"serveis-consumidors","status":"publish","type":"page","link":"https:\/\/ecotic-envases.es\/ca\/serveis-consumidors\/","title":{"rendered":"Serveis &#8211; Consumidors"},"content":{"rendered":"\t\t<div data-elementor-type=\"wp-page\" data-elementor-id=\"4028\" class=\"elementor elementor-4028 elementor-601\" data-elementor-post-type=\"page\">\n\t\t\t\t<div class=\"elementor-element elementor-element-5ac19b30 e-flex e-con-boxed e-con e-parent\" data-id=\"5ac19b30\" data-element_type=\"container\" data-e-type=\"container\" data-settings=\"{&quot;background_background&quot;:&quot;classic&quot;}\">\n\t\t\t\t\t<div class=\"e-con-inner\">\n\t\t<div class=\"elementor-element elementor-element-1ee925f9 e-con-full e-flex e-con e-child\" data-id=\"1ee925f9\" data-element_type=\"container\" data-e-type=\"container\">\n\t\t\t\t<div class=\"elementor-element elementor-element-681b17d1 elementor-widget elementor-widget-text-editor\" data-id=\"681b17d1\" data-element_type=\"widget\" data-e-type=\"widget\" data-widget_type=\"text-editor.default\">\n\t\t\t\t<div class=\"elementor-widget-container\">\n\t\t\t\t\t\t\t\t\t<p>S\u00f3c consumidor<\/p>\n\t\t\t\t\t\t\t\t<\/div>\n\t\t\t\t<\/div>\n\t\t\t\t<div class=\"elementor-element elementor-element-4a0ba753 elementor-widget__width-initial elementor-widget elementor-widget-heading\" data-id=\"4a0ba753\" data-element_type=\"widget\" data-e-type=\"widget\" data-widget_type=\"heading.default\">\n\t\t\t\t<div class=\"elementor-widget-container\">\n\t\t\t\t\t<h1 class=\"elementor-heading-title elementor-size-default\">Una responsabilitat\ncompartida <\/h1>\t\t\t\t<\/div>\n\t\t\t\t<\/div>\n\t\t\t\t<\/div>\n\t\t\t\t\t<\/div>\n\t\t\t\t<\/div>\n\t\t<div class=\"elementor-element elementor-element-821416b elementor-hidden-desktop elementor-hidden-tablet e-flex e-con-boxed e-con e-parent\" data-id=\"821416b\" data-element_type=\"container\" data-e-type=\"container\" data-settings=\"{&quot;background_background&quot;:&quot;classic&quot;}\">\n\t\t\t\t\t<div class=\"e-con-inner\">\n\t\t\t\t<div class=\"elementor-element elementor-element-23b09735 elementor-hidden-desktop elementor-hidden-tablet elementor-widget elementor-widget-image\" data-id=\"23b09735\" data-element_type=\"widget\" data-e-type=\"widget\" data-widget_type=\"image.default\">\n\t\t\t\t<div class=\"elementor-widget-container\">\n\t\t\t\t\t\t\t\t\t\t\t\t\t\t\t<img fetchpriority=\"high\" decoding=\"async\" width=\"800\" height=\"596\" src=\"https:\/\/ecotic-envases.es\/wp-content\/uploads\/2024\/04\/Consumidores_Cabecera_S-1030x767.png\" class=\"attachment-large size-large wp-image-4048\" alt=\"\" srcset=\"https:\/\/ecotic-envases.es\/wp-content\/uploads\/2024\/04\/Consumidores_Cabecera_S-1030x767.png 1030w, https:\/\/ecotic-envases.es\/wp-content\/uploads\/2024\/04\/Consumidores_Cabecera_S-300x223.png 300w, https:\/\/ecotic-envases.es\/wp-content\/uploads\/2024\/04\/Consumidores_Cabecera_S-768x572.png 768w, https:\/\/ecotic-envases.es\/wp-content\/uploads\/2024\/04\/Consumidores_Cabecera_S.png 1049w\" sizes=\"(max-width: 800px) 100vw, 800px\" \/>\t\t\t\t\t\t\t\t\t\t\t\t\t\t\t<\/div>\n\t\t\t\t<\/div>\n\t\t\t\t\t<\/div>\n\t\t\t\t<\/div>\n\t\t<div class=\"elementor-element elementor-element-65896b59 e-flex e-con-boxed e-con e-parent\" data-id=\"65896b59\" data-element_type=\"container\" data-e-type=\"container\" data-settings=\"{&quot;background_background&quot;:&quot;classic&quot;}\">\n\t\t\t\t\t<div class=\"e-con-inner\">\n\t\t<div class=\"elementor-element elementor-element-7e6026e2 e-con-full e-flex e-con e-child\" data-id=\"7e6026e2\" data-element_type=\"container\" data-e-type=\"container\">\n\t\t\t\t<div class=\"elementor-element elementor-element-18a1ba0a elementor-widget elementor-widget-heading\" data-id=\"18a1ba0a\" data-element_type=\"widget\" data-e-type=\"widget\" data-widget_type=\"heading.default\">\n\t\t\t\t<div class=\"elementor-widget-container\">\n\t\t\t\t\t<h2 class=\"elementor-heading-title elementor-size-default\">Junts pel futur del medi ambient<\/h2>\t\t\t\t<\/div>\n\t\t\t\t<\/div>\n\t\t\t\t<div class=\"elementor-element elementor-element-5b53923a elementor-widget elementor-widget-text-editor\" data-id=\"5b53923a\" data-element_type=\"widget\" data-e-type=\"widget\" data-widget_type=\"text-editor.default\">\n\t\t\t\t<div class=\"elementor-widget-container\">\n\t\t\t\t\t\t\t\t\t<p>Com a consumidors, hem de ser molt conscients de l&#8217;impacte que l&#8217;\u00fas generalitzat de la tecnologia t\u00e9 sobre el medi ambient, i de la import\u00e0ncia que els nostres petits gestos tenen per contribuir a mitigar-lo.<\/p>\n\t\t\t\t\t\t\t\t<\/div>\n\t\t\t\t<\/div>\n\t\t\t\t<\/div>\n\t\t<div class=\"elementor-element elementor-element-78dde57 e-con-full elementor-hidden-tablet elementor-hidden-mobile e-flex e-con e-child\" data-id=\"78dde57\" data-element_type=\"container\" data-e-type=\"container\" data-settings=\"{&quot;background_background&quot;:&quot;classic&quot;}\">\n\t\t\t\t<\/div>\n\t\t\t\t\t<\/div>\n\t\t\t\t<\/div>\n\t\t<div class=\"elementor-element elementor-element-be2ce2a elementor-hidden-desktop elementor-hidden-tablet e-flex e-con-boxed e-con e-parent\" data-id=\"be2ce2a\" data-element_type=\"container\" data-e-type=\"container\">\n\t\t\t\t\t<div class=\"e-con-inner\">\n\t\t\t\t<div class=\"elementor-element elementor-element-595f8dd elementor-widget elementor-widget-image\" data-id=\"595f8dd\" data-element_type=\"widget\" data-e-type=\"widget\" data-widget_type=\"image.default\">\n\t\t\t\t<div class=\"elementor-widget-container\">\n\t\t\t\t\t\t\t\t\t\t\t\t\t\t\t<img decoding=\"async\" width=\"800\" height=\"532\" src=\"https:\/\/ecotic-envases.es\/wp-content\/uploads\/2024\/04\/reciclaje-RAEE_usuario-2-1-1030x685.jpg\" class=\"attachment-large size-large wp-image-4050\" alt=\"\" srcset=\"https:\/\/ecotic-envases.es\/wp-content\/uploads\/2024\/04\/reciclaje-RAEE_usuario-2-1-1030x685.jpg 1030w, https:\/\/ecotic-envases.es\/wp-content\/uploads\/2024\/04\/reciclaje-RAEE_usuario-2-1-300x200.jpg 300w, https:\/\/ecotic-envases.es\/wp-content\/uploads\/2024\/04\/reciclaje-RAEE_usuario-2-1-768x511.jpg 768w, https:\/\/ecotic-envases.es\/wp-content\/uploads\/2024\/04\/reciclaje-RAEE_usuario-2-1-1536x1022.jpg 1536w, https:\/\/ecotic-envases.es\/wp-content\/uploads\/2024\/04\/reciclaje-RAEE_usuario-2-1-2048x1363.jpg 2048w\" sizes=\"(max-width: 800px) 100vw, 800px\" \/>\t\t\t\t\t\t\t\t\t\t\t\t\t\t\t<\/div>\n\t\t\t\t<\/div>\n\t\t\t\t\t<\/div>\n\t\t\t\t<\/div>\n\t\t<div class=\"elementor-element elementor-element-a2639af elementor-hidden-desktop elementor-hidden-mobile e-flex e-con-boxed e-con e-parent\" data-id=\"a2639af\" data-element_type=\"container\" data-e-type=\"container\">\n\t\t\t\t\t<div class=\"e-con-inner\">\n\t\t\t\t<div class=\"elementor-element elementor-element-9d600a7 elementor-widget elementor-widget-image\" data-id=\"9d600a7\" data-element_type=\"widget\" data-e-type=\"widget\" data-widget_type=\"image.default\">\n\t\t\t\t<div class=\"elementor-widget-container\">\n\t\t\t\t\t\t\t\t\t\t\t\t\t\t\t<img decoding=\"async\" width=\"800\" height=\"532\" src=\"https:\/\/ecotic-envases.es\/wp-content\/uploads\/2024\/04\/reciclaje-RAEE_usuario-2-1-1030x685.jpg\" class=\"attachment-large size-large wp-image-4050\" alt=\"\" srcset=\"https:\/\/ecotic-envases.es\/wp-content\/uploads\/2024\/04\/reciclaje-RAEE_usuario-2-1-1030x685.jpg 1030w, https:\/\/ecotic-envases.es\/wp-content\/uploads\/2024\/04\/reciclaje-RAEE_usuario-2-1-300x200.jpg 300w, https:\/\/ecotic-envases.es\/wp-content\/uploads\/2024\/04\/reciclaje-RAEE_usuario-2-1-768x511.jpg 768w, https:\/\/ecotic-envases.es\/wp-content\/uploads\/2024\/04\/reciclaje-RAEE_usuario-2-1-1536x1022.jpg 1536w, https:\/\/ecotic-envases.es\/wp-content\/uploads\/2024\/04\/reciclaje-RAEE_usuario-2-1-2048x1363.jpg 2048w\" sizes=\"(max-width: 800px) 100vw, 800px\" \/>\t\t\t\t\t\t\t\t\t\t\t\t\t\t\t<\/div>\n\t\t\t\t<\/div>\n\t\t\t\t\t<\/div>\n\t\t\t\t<\/div>\n\t\t<div class=\"elementor-element elementor-element-d44b992 e-flex e-con-boxed e-con e-parent\" data-id=\"d44b992\" data-element_type=\"container\" data-e-type=\"container\" data-settings=\"{&quot;background_background&quot;:&quot;classic&quot;}\">\n\t\t\t\t\t<div class=\"e-con-inner\">\n\t\t\t\t<div class=\"elementor-element elementor-element-51a99ed elementor-widget elementor-widget-heading\" data-id=\"51a99ed\" data-element_type=\"widget\" data-e-type=\"widget\" data-widget_type=\"heading.default\">\n\t\t\t\t<div class=\"elementor-widget-container\">\n\t\t\t\t\t<h2 class=\"elementor-heading-title elementor-size-default\">Per qu\u00e8 reciclar els residus?<\/h2>\t\t\t\t<\/div>\n\t\t\t\t<\/div>\n\t\t\t\t<div class=\"elementor-element elementor-element-363086f elementor-widget elementor-widget-text-editor\" data-id=\"363086f\" data-element_type=\"widget\" data-e-type=\"widget\" data-widget_type=\"text-editor.default\">\n\t\t\t\t<div class=\"elementor-widget-container\">\n\t\t\t\t\t\t\t\t\t<p>\u00c9s fonamental que desenvolupem un \u00fas racional de la tecnologia i prioritzem la prevenci\u00f3 de la generaci\u00f3 de residus, mitjan\u00e7ant la reparaci\u00f3 i la reutilitzaci\u00f3 dels aparells a fi d&#8217;allargar la seva vida \u00fatil.<\/p>\n\t\t\t\t\t\t\t\t<\/div>\n\t\t\t\t<\/div>\n\t\t<div class=\"elementor-element elementor-element-5319916 e-flex e-con-boxed e-con e-child\" data-id=\"5319916\" data-element_type=\"container\" data-e-type=\"container\">\n\t\t\t\t\t<div class=\"e-con-inner\">\n\t\t<div class=\"elementor-element elementor-element-1f8b9cc e-flex e-con-boxed e-con e-child\" data-id=\"1f8b9cc\" data-element_type=\"container\" data-e-type=\"container\">\n\t\t\t\t\t<div class=\"e-con-inner\">\n\t\t\t\t<div class=\"elementor-element elementor-element-95abf64 elementor-widget elementor-widget-image\" data-id=\"95abf64\" data-element_type=\"widget\" data-e-type=\"widget\" data-widget_type=\"image.default\">\n\t\t\t\t<div class=\"elementor-widget-container\">\n\t\t\t\t\t\t\t\t\t\t\t\t\t\t\t<img decoding=\"async\" width=\"73\" height=\"86\" src=\"https:\/\/ecotic-envases.es\/wp-content\/uploads\/2023\/05\/arboles.svg\" class=\"attachment-large size-large wp-image-4033\" alt=\"\" \/>\t\t\t\t\t\t\t\t\t\t\t\t\t\t\t<\/div>\n\t\t\t\t<\/div>\n\t\t\t\t<div class=\"elementor-element elementor-element-86f7dfc elementor-widget elementor-widget-text-editor\" data-id=\"86f7dfc\" data-element_type=\"widget\" data-e-type=\"widget\" data-widget_type=\"text-editor.default\">\n\t\t\t\t<div class=\"elementor-widget-container\">\n\t\t\t\t\t\t\t\t\t<p>Redueixes residus i <br \/>contaminants<\/p>\n\t\t\t\t\t\t\t\t<\/div>\n\t\t\t\t<\/div>\n\t\t\t\t\t<\/div>\n\t\t\t\t<\/div>\n\t\t<div class=\"elementor-element elementor-element-a378340 e-flex e-con-boxed e-con e-child\" data-id=\"a378340\" data-element_type=\"container\" data-e-type=\"container\">\n\t\t\t\t\t<div class=\"e-con-inner\">\n\t\t\t\t<div class=\"elementor-element elementor-element-934e661 elementor-widget elementor-widget-image\" data-id=\"934e661\" data-element_type=\"widget\" data-e-type=\"widget\" data-widget_type=\"image.default\">\n\t\t\t\t<div class=\"elementor-widget-container\">\n\t\t\t\t\t\t\t\t\t\t\t\t\t\t\t<img loading=\"lazy\" decoding=\"async\" width=\"96\" height=\"90\" src=\"https:\/\/ecotic-envases.es\/wp-content\/uploads\/2023\/05\/CO2.svg\" class=\"attachment-large size-large wp-image-4223\" alt=\"\" \/>\t\t\t\t\t\t\t\t\t\t\t\t\t\t\t<\/div>\n\t\t\t\t<\/div>\n\t\t\t\t<div class=\"elementor-element elementor-element-54cc1cc elementor-widget elementor-widget-text-editor\" data-id=\"54cc1cc\" data-element_type=\"widget\" data-e-type=\"widget\" data-widget_type=\"text-editor.default\">\n\t\t\t\t<div class=\"elementor-widget-container\">\n\t\t\t\t\t\t\t\t\t<p>Redueixes emissions de<br \/>CO2<\/p>\n\t\t\t\t\t\t\t\t<\/div>\n\t\t\t\t<\/div>\n\t\t\t\t\t<\/div>\n\t\t\t\t<\/div>\n\t\t<div class=\"elementor-element elementor-element-ccaa805 e-flex e-con-boxed e-con e-child\" data-id=\"ccaa805\" data-element_type=\"container\" data-e-type=\"container\">\n\t\t\t\t\t<div class=\"e-con-inner\">\n\t\t\t\t<div class=\"elementor-element elementor-element-33df755 elementor-widget elementor-widget-image\" data-id=\"33df755\" data-element_type=\"widget\" data-e-type=\"widget\" data-widget_type=\"image.default\">\n\t\t\t\t<div class=\"elementor-widget-container\">\n\t\t\t\t\t\t\t\t\t\t\t\t\t\t\t<img loading=\"lazy\" decoding=\"async\" width=\"100\" height=\"87\" src=\"https:\/\/ecotic-envases.es\/wp-content\/uploads\/2023\/05\/reciclar.svg\" class=\"attachment-large size-large wp-image-4034\" alt=\"\" \/>\t\t\t\t\t\t\t\t\t\t\t\t\t\t\t<\/div>\n\t\t\t\t<\/div>\n\t\t\t\t<div class=\"elementor-element elementor-element-165c87d elementor-widget elementor-widget-text-editor\" data-id=\"165c87d\" data-element_type=\"widget\" data-e-type=\"widget\" data-widget_type=\"text-editor.default\">\n\t\t\t\t<div class=\"elementor-widget-container\">\n\t\t\t\t\t\t\t\t\t<p>Dones nous usos<br \/>als materials<\/p>\n\t\t\t\t\t\t\t\t<\/div>\n\t\t\t\t<\/div>\n\t\t\t\t\t<\/div>\n\t\t\t\t<\/div>\n\t\t\t\t\t<\/div>\n\t\t\t\t<\/div>\n\t\t\t\t\t<\/div>\n\t\t\t\t<\/div>\n\t\t<div class=\"elementor-element elementor-element-d249f00 e-flex e-con-boxed e-con e-parent\" data-id=\"d249f00\" data-element_type=\"container\" data-e-type=\"container\" data-settings=\"{&quot;background_background&quot;:&quot;classic&quot;}\">\n\t\t\t\t\t<div class=\"e-con-inner\">\n\t\t\t\t<div class=\"elementor-element elementor-element-26d7cc0 elementor-widget elementor-widget-heading\" data-id=\"26d7cc0\" data-element_type=\"widget\" data-e-type=\"widget\" data-widget_type=\"heading.default\">\n\t\t\t\t<div class=\"elementor-widget-container\">\n\t\t\t\t\t<h2 class=\"elementor-heading-title elementor-size-default\">Quin \u00e9s el teu paper com a consumidor?<\/h2>\t\t\t\t<\/div>\n\t\t\t\t<\/div>\n\t\t\t\t<div class=\"elementor-element elementor-element-7bc1151 elementor-widget elementor-widget-text-editor\" data-id=\"7bc1151\" data-element_type=\"widget\" data-e-type=\"widget\" data-widget_type=\"text-editor.default\">\n\t\t\t\t<div class=\"elementor-widget-container\">\n\t\t\t\t\t\t\t\t\t<p>Ets part important del cicle de vida dels envasos. Com que est\u00e0s conscient de l&#8217;impacte ambiental que generen i la rellev\u00e0ncia del reciclatge per reduir residus i protegir els nostres recursos naturals, est\u00e0s contribuint de manera significativa.<\/p>\n\t\t\t\t\t\t\t\t<\/div>\n\t\t\t\t<\/div>\n\t\t<div class=\"elementor-element elementor-element-d8a5990 e-flex e-con-boxed e-con e-child\" data-id=\"d8a5990\" data-element_type=\"container\" data-e-type=\"container\">\n\t\t\t\t\t<div class=\"e-con-inner\">\n\t\t<div class=\"elementor-element elementor-element-249f370 e-con-full e-flex e-con e-child\" data-id=\"249f370\" data-element_type=\"container\" data-e-type=\"container\">\n\t\t\t\t<div class=\"elementor-element elementor-element-95d576d elementor-widget elementor-widget-image\" data-id=\"95d576d\" data-element_type=\"widget\" data-e-type=\"widget\" data-widget_type=\"image.default\">\n\t\t\t\t<div class=\"elementor-widget-container\">\n\t\t\t\t\t\t\t\t\t\t\t\t\t\t\t<img loading=\"lazy\" decoding=\"async\" width=\"87\" height=\"87\" src=\"https:\/\/ecotic-envases.es\/wp-content\/uploads\/2024\/04\/Conciencia-ambiental.svg\" class=\"attachment-large size-large wp-image-4044\" alt=\"\" \/>\t\t\t\t\t\t\t\t\t\t\t\t\t\t\t<\/div>\n\t\t\t\t<\/div>\n\t\t\t\t<div class=\"elementor-element elementor-element-d6c6ecc elementor-widget elementor-widget-text-editor\" data-id=\"d6c6ecc\" data-element_type=\"widget\" data-e-type=\"widget\" data-widget_type=\"text-editor.default\">\n\t\t\t\t<div class=\"elementor-widget-container\">\n\t\t\t\t\t\t\t\t\tConsci\u00e8ncia\nambiental\t\t\t\t\t\t\t\t<\/div>\n\t\t\t\t<\/div>\n\t\t\t\t<\/div>\n\t\t<div class=\"elementor-element elementor-element-e2ca5d4 e-con-full e-flex e-con e-child\" data-id=\"e2ca5d4\" data-element_type=\"container\" data-e-type=\"container\">\n\t\t\t\t<div class=\"elementor-element elementor-element-c894dff elementor-widget elementor-widget-image\" data-id=\"c894dff\" data-element_type=\"widget\" data-e-type=\"widget\" data-widget_type=\"image.default\">\n\t\t\t\t<div class=\"elementor-widget-container\">\n\t\t\t\t\t\t\t\t\t\t\t\t\t\t\t<img loading=\"lazy\" decoding=\"async\" width=\"76\" height=\"75\" src=\"https:\/\/ecotic-envases.es\/wp-content\/uploads\/2024\/04\/Separar-correctamente.svg\" class=\"attachment-full size-full wp-image-4045\" alt=\"\" \/>\t\t\t\t\t\t\t\t\t\t\t\t\t\t\t<\/div>\n\t\t\t\t<\/div>\n\t\t\t\t<div class=\"elementor-element elementor-element-afb1370 elementor-widget elementor-widget-text-editor\" data-id=\"afb1370\" data-element_type=\"widget\" data-e-type=\"widget\" data-widget_type=\"text-editor.default\">\n\t\t\t\t<div class=\"elementor-widget-container\">\n\t\t\t\t\t\t\t\t\t<p>Separar correctament<\/p>\n\t\t\t\t\t\t\t\t<\/div>\n\t\t\t\t<\/div>\n\t\t\t\t<\/div>\n\t\t<div class=\"elementor-element elementor-element-bc00bbb e-con-full e-flex e-con e-child\" data-id=\"bc00bbb\" data-element_type=\"container\" data-e-type=\"container\">\n\t\t\t\t<div class=\"elementor-element elementor-element-ff3f119 elementor-widget elementor-widget-image\" data-id=\"ff3f119\" data-element_type=\"widget\" data-e-type=\"widget\" data-widget_type=\"image.default\">\n\t\t\t\t<div class=\"elementor-widget-container\">\n\t\t\t\t\t\t\t\t\t\t\t\t\t\t\t<img loading=\"lazy\" decoding=\"async\" width=\"77\" height=\"87\" src=\"https:\/\/ecotic-envases.es\/wp-content\/uploads\/2024\/04\/Participacion-activa.svg\" class=\"attachment-large size-large wp-image-4046\" alt=\"\" \/>\t\t\t\t\t\t\t\t\t\t\t\t\t\t\t<\/div>\n\t\t\t\t<\/div>\n\t\t\t\t<div class=\"elementor-element elementor-element-f15c570 elementor-widget elementor-widget-text-editor\" data-id=\"f15c570\" data-element_type=\"widget\" data-e-type=\"widget\" data-widget_type=\"text-editor.default\">\n\t\t\t\t<div class=\"elementor-widget-container\">\n\t\t\t\t\t\t\t\t\t<p>Participaci\u00f3 activa<\/p>\n\t\t\t\t\t\t\t\t<\/div>\n\t\t\t\t<\/div>\n\t\t\t\t<\/div>\n\t\t\t\t\t<\/div>\n\t\t\t\t<\/div>\n\t\t\t\t\t<\/div>\n\t\t\t\t<\/div>\n\t\t\t\t<\/div>\n\t\t","protected":false},"excerpt":{"rendered":"<p>S\u00f3c consumidor Una responsabilitat compartida Junts pel futur del medi ambient Com a consumidors, hem de ser molt conscients de l&#8217;impacte que l&#8217;\u00fas generalitzat de la tecnologia t\u00e9 sobre el medi ambient, i de la import\u00e0ncia que els nostres petits gestos tenen per contribuir a mitigar-lo. Per qu\u00e8 reciclar els residus? \u00c9s fonamental que desenvolupem [&hellip;]<\/p>\n","protected":false},"author":2,"featured_media":0,"parent":0,"menu_order":0,"comment_status":"closed","ping_status":"closed","template":"","meta":{"footnotes":""},"class_list":["post-4028","page","type-page","status-publish","hentry"],"_links":{"self":[{"href":"https:\/\/ecotic-envases.es\/ca\/wp-json\/wp\/v2\/pages\/4028","targetHints":{"allow":["GET"]}}],"collection":[{"href":"https:\/\/ecotic-envases.es\/ca\/wp-json\/wp\/v2\/pages"}],"about":[{"href":"https:\/\/ecotic-envases.es\/ca\/wp-json\/wp\/v2\/types\/page"}],"author":[{"embeddable":true,"href":"https:\/\/ecotic-envases.es\/ca\/wp-json\/wp\/v2\/users\/2"}],"replies":[{"embeddable":true,"href":"https:\/\/ecotic-envases.es\/ca\/wp-json\/wp\/v2\/comments?post=4028"}],"version-history":[{"count":1,"href":"https:\/\/ecotic-envases.es\/ca\/wp-json\/wp\/v2\/pages\/4028\/revisions"}],"predecessor-version":[{"id":4052,"href":"https:\/\/ecotic-envases.es\/ca\/wp-json\/wp\/v2\/pages\/4028\/revisions\/4052"}],"wp:attachment":[{"href":"https:\/\/ecotic-envases.es\/ca\/wp-json\/wp\/v2\/media?parent=4028"}],"curies":[{"name":"wp","href":"https:\/\/api.w.org\/{rel}","templated":true}]}}