{"id":4006,"date":"2023-05-14T17:32:58","date_gmt":"2023-05-14T15:32:58","guid":{"rendered":"https:\/\/ecotic-envases.es\/legal\/politica-de-privacitat-xarxes-socials\/"},"modified":"2025-01-29T12:58:49","modified_gmt":"2025-01-29T10:58:49","slug":"politica-de-privacitat-xarxes-socials","status":"publish","type":"page","link":"https:\/\/ecotic-envases.es\/ca\/legal\/politica-de-privacitat-xarxes-socials\/","title":{"rendered":"Pol\u00edtica de privacitat xarxes socials"},"content":{"rendered":"\t\t<div data-elementor-type=\"wp-page\" data-elementor-id=\"4006\" class=\"elementor elementor-4006 elementor-899\" data-elementor-post-type=\"page\">\n\t\t\t\t<div class=\"elementor-element elementor-element-1fd561c1 e-flex e-con-boxed e-con e-parent\" data-id=\"1fd561c1\" data-element_type=\"container\" data-e-type=\"container\" data-settings=\"{&quot;background_background&quot;:&quot;classic&quot;}\">\n\t\t\t\t\t<div class=\"e-con-inner\">\n\t\t\t\t<div class=\"elementor-element elementor-element-5bfb4d84 elementor-widget elementor-widget-heading\" data-id=\"5bfb4d84\" data-element_type=\"widget\" data-e-type=\"widget\" data-widget_type=\"heading.default\">\n\t\t\t\t<div class=\"elementor-widget-container\">\n\t\t\t\t\t<h3 class=\"elementor-heading-title elementor-size-default\">ECOTIC Envases<\/h3>\t\t\t\t<\/div>\n\t\t\t\t<\/div>\n\t\t\t\t<div class=\"elementor-element elementor-element-4b01367c elementor-widget elementor-widget-heading\" data-id=\"4b01367c\" data-element_type=\"widget\" data-e-type=\"widget\" data-widget_type=\"heading.default\">\n\t\t\t\t<div class=\"elementor-widget-container\">\n\t\t\t\t\t<h2 class=\"elementor-heading-title elementor-size-default\">Pol\u00edtica de privacitat xarxes socials<\/h2>\t\t\t\t<\/div>\n\t\t\t\t<\/div>\n\t\t\t\t\t<\/div>\n\t\t\t\t<\/div>\n\t\t<div class=\"elementor-element elementor-element-318ae91 e-flex e-con-boxed e-con e-parent\" data-id=\"318ae91\" data-element_type=\"container\" data-e-type=\"container\">\n\t\t\t\t\t<div class=\"e-con-inner\">\n\t\t\t\t<div class=\"elementor-element elementor-element-ea8c2fb elementor-widget elementor-widget-text-editor\" data-id=\"ea8c2fb\" data-element_type=\"widget\" data-e-type=\"widget\" data-widget_type=\"text-editor.default\">\n\t\t\t\t<div class=\"elementor-widget-container\">\n\t\t\t\t\t\t\t\t\t<p>ECOTIC ENVASES informa els usuaris, que ha creat un perfil a les Xarxes Socials Facebook, Twitter, LinkedIn, Google+ i YouTube, amb la finalitat principal de publicitar els seus productes i serveis.<\/p><p>L&#8217;usuari pot accedir, en tot moment a les pol\u00edtiques de privadesa de la pr\u00f2pia Xarxa Social, aix\u00ed com configurar el seu perfil per garantir-ne la privadesa.<\/p><p>ECOTIC ENVASES hi t\u00e9 acc\u00e9s i tracta aquella informaci\u00f3 p\u00fablica de l&#8217;usuari, en especial, el nom de contacte. Aquestes dades, nom\u00e9s seran utilitzades dins de la pr\u00f2pia Xarxa Social. No s\u00f3n incorporades a cap sistema de tractament.<\/p><p>D&#8217;acord amb els drets que us confereix la normativa vigent en Protecci\u00f3 de Dades de Car\u00e0cter Personal podreu exercir els drets d&#8217;acc\u00e9s, rectificaci\u00f3, supressi\u00f3 i oposici\u00f3, exercir-los davant ECOTIC ENVASES, dirigint la vostra petici\u00f3 a l&#8217;adre\u00e7a postal indicada m\u00e9s amunt o b\u00e9 a trav\u00e9s del correu electr\u00f2nic <a href=\"mailto:ecotic@ecotic.es\">ecotic@ecotic.es<\/a> d&#8217;acord amb el RGPD, ha de tenir en compte els matisos seg\u00fcents:<\/p><ul><li>Acc\u00e9s: Estar\u00e0 definit per la funcionalitat de la Xarxa Social i la capacitat d&#8217;acc\u00e9s a la informaci\u00f3 dels perfils dels usuaris.<\/li><li>Rectificaci\u00f3: Nom\u00e9s es podr\u00e0 satisfer en relaci\u00f3 amb aquella informaci\u00f3 que es trobe sota el control d&#8217;ECOTIC ENVASES, per exemple, eliminar comentaris publicats a la pr\u00f2pia p\u00e0gina.<\/li><\/ul><ul><li>Normalment, aquest dret l&#8217;haur\u00e0 d&#8217;exercir davant de la Xarxa Social.<\/li><\/ul><ul><li>Supressi\u00f3 i\/o Oposici\u00f3: Com en el cas anterior, nom\u00e9s es podr\u00e0 satisfer en relaci\u00f3 amb aquella informaci\u00f3 que estigui sota el control d&#8217;ECOTIC ENVASES, per exemple, deixar d&#8217;estar unit al perfil.<\/li><\/ul><div>\u00a0<\/div><p>ECOTIC ENVASES realitzar\u00e0 les actuacions seg\u00fcents:<\/p><ul><li>Acc\u00e9s a la informaci\u00f3 p\u00fablica del perfil.<\/li><li>Publicaci\u00f3 al perfil de l&#8217;usuari de tota aquella informaci\u00f3 ja publicada a la p\u00e0gina d&#8217;ECOTIC ENVASES.<\/li><li>Enviar missatges personals i individuals a trav\u00e9s dels canals de la Xarxa Social.<\/li><li>Actualitzacions de l&#8217;estat de la p\u00e0gina que es publicaran al perfil de l&#8217;usuari.<\/li><\/ul><div>\u00a0<\/div><p>L&#8217;usuari sempre pot controlar les connexions, eliminar els continguts que deixin d&#8217;interessar-li i restringir amb qui comparteix les connexions, per a aix\u00f2 haur\u00e0 d&#8217;accedir a la seva configuraci\u00f3 de privadesa.<\/p><p><strong>Publicacions<\/strong><\/p><p>L&#8217;usuari, un cop unit a la p\u00e0gina d&#8217;ECOTIC ENVASES, podr\u00e0 publicar en aquesta darrera comentaris, enlla\u00e7os, imatges o fotografies o qualsevol altre tipus de contingut multim\u00e8dia suportat per la Xarxa Social. L&#8217;usuari, en tots els casos, n&#8217;ha de ser el titular, gaudir dels drets d&#8217;autor i de propietat intel\u00b7lectual o comptar amb el consentiment dels tercers afectats. Es prohibeix expressament qualsevol publicaci\u00f3 a la p\u00e0gina, ja siguin textos, gr\u00e0fics, fotografies, v\u00eddeos, etc. que atemptin o siguin susceptibles d&#8217;atemptar contra la moral, l&#8217;\u00e8tica, el bon gust o el dec\u00f2rum, i\/o que infringeixin, violin o trenquin els drets de propietat intel\u00b7lectual o industrial, el dret a la imatge o la Llei. En aquests casos, ECOTIC ENVASES es reserva el dret de retirar immediatament el contingut, i es pot sol\u00b7licitar el bloqueig permanent de l&#8217;usuari.<\/p><p>ECOTIC ENVASES no es far\u00e0 responsable dels continguts que lliurement ha publicat un usuari.<\/p><p>L&#8217;usuari ha de tenir present que les seves publicacions seran conegudes pels altres usuaris, per la qual cosa ell mateix \u00e9s el principal responsable de la seva privadesa.<\/p><p>Les imatges que puguin publicar-se a la p\u00e0gina no seran emmagatzemades en cap fitxer per part d&#8217;ECOTIC ENVASES, per\u00f2 s\u00ed que romandran a la Xarxa Social.<\/p><p><strong>Concursos i promocions<\/strong><\/p><p>La FUNDACI\u00d3 ECOTIC es reserva el dret a realitzar concursos i promocions, en qu\u00e8 podr\u00e0 participar l&#8217;usuari unit a la p\u00e0gina. Les bases de cadascun d&#8217;ells, quan s&#8217;utilitzi la plataforma de la Xarxa Social, seran publicades en aquesta. Complint sempre amb la LSSI-CE i amb qualsevol altra norma que li sigui aplicable.<\/p><p>La Xarxa Social no patrocina, avala ni administra, de cap manera, cap de les nostres promocions, ni est\u00e0 associada a cap.<\/p><p><strong>Publicitat<\/strong><\/p><p>ECOTIC ENVASES utilitzar\u00e0 la Xarxa Social per publicitar els seus productes i serveis, en tot cas, si decideix tractar les dades de contacte per realitzar accions directes de prospecci\u00f3 comercial, ser\u00e0 sempre, complint amb les exig\u00e8ncies legals de la de la normativa vigent de protecci\u00f3 de dades i de la LSSI-CE.<\/p><p>No es considerar\u00e0 publicitat el fet de recomanar a altres usuaris la p\u00e0gina d&#8217;ECOTIC ENVASES perqu\u00e8 tamb\u00e9 puguin gaudir de les promocions o estar informats de la seva activitat.<\/p><p>A continuaci\u00f3, detallem l&#8217;enlla\u00e7 a la pol\u00edtica de privadesa de la\/les Xarxa\/es Social\/s:<br \/><br \/>Facebook: <a href=\"http:\/\/www.facebook.com\/help\/323540651073243\/\">http s:\/\/www.facebook.com\/help\/323540651073243\/<\/a><br \/><br \/><\/p><p>Twitter:<br \/><a href=\"https:\/\/twitter.com%20\/privacy\">https:\/\/twitter.com \/privacy<\/a><br \/><br \/>LinkedIn: <a href=\"https:\/\/www.linkedin.com\/legal\/privacy-policy\">https:\/\/www.linkedin.com\/legal\/privacy-policy<\/a><br \/><br \/>You Tube: <a href=\"https:\/\/www.youtube.com\/yt\/policyandsafety\/es\/\">https:\/\/www.youtube.com\/yt\/policyandsafety\/es\/<\/a><br \/><br \/>Google+: <a href=\"http:\/\/www.google.com\/intl\/es_ES\/+\/policy\/index.html\">http:\/\/www.google.com\/intl\/es_ES\/+\/policy\/index.html<\/a><\/p>\t\t\t\t\t\t\t\t<\/div>\n\t\t\t\t<\/div>\n\t\t\t\t\t<\/div>\n\t\t\t\t<\/div>\n\t\t\t\t<\/div>\n\t\t","protected":false},"excerpt":{"rendered":"<p>ECOTIC Envases Pol\u00edtica de privacitat xarxes socials ECOTIC ENVASES informa els usuaris, que ha creat un perfil a les Xarxes Socials Facebook, Twitter, LinkedIn, Google+ i YouTube, amb la finalitat principal de publicitar els seus productes i serveis. L&#8217;usuari pot accedir, en tot moment a les pol\u00edtiques de privadesa de la pr\u00f2pia Xarxa Social, aix\u00ed [&hellip;]<\/p>\n","protected":false},"author":2,"featured_media":0,"parent":3989,"menu_order":0,"comment_status":"closed","ping_status":"closed","template":"","meta":{"footnotes":""},"class_list":["post-4006","page","type-page","status-publish","hentry"],"_links":{"self":[{"href":"https:\/\/ecotic-envases.es\/ca\/wp-json\/wp\/v2\/pages\/4006","targetHints":{"allow":["GET"]}}],"collection":[{"href":"https:\/\/ecotic-envases.es\/ca\/wp-json\/wp\/v2\/pages"}],"about":[{"href":"https:\/\/ecotic-envases.es\/ca\/wp-json\/wp\/v2\/types\/page"}],"author":[{"embeddable":true,"href":"https:\/\/ecotic-envases.es\/ca\/wp-json\/wp\/v2\/users\/2"}],"replies":[{"embeddable":true,"href":"https:\/\/ecotic-envases.es\/ca\/wp-json\/wp\/v2\/comments?post=4006"}],"version-history":[{"count":4,"href":"https:\/\/ecotic-envases.es\/ca\/wp-json\/wp\/v2\/pages\/4006\/revisions"}],"predecessor-version":[{"id":5525,"href":"https:\/\/ecotic-envases.es\/ca\/wp-json\/wp\/v2\/pages\/4006\/revisions\/5525"}],"up":[{"embeddable":true,"href":"https:\/\/ecotic-envases.es\/ca\/wp-json\/wp\/v2\/pages\/3989"}],"wp:attachment":[{"href":"https:\/\/ecotic-envases.es\/ca\/wp-json\/wp\/v2\/media?parent=4006"}],"curies":[{"name":"wp","href":"https:\/\/api.w.org\/{rel}","templated":true}]}}