{"id":3992,"date":"2023-05-14T15:43:48","date_gmt":"2023-05-14T13:43:48","guid":{"rendered":"https:\/\/ecotic-envases.es\/legal\/politica-de-privacitat\/"},"modified":"2025-01-29T12:46:46","modified_gmt":"2025-01-29T10:46:46","slug":"politica-de-privacitat","status":"publish","type":"page","link":"https:\/\/ecotic-envases.es\/ca\/legal\/politica-de-privacitat\/","title":{"rendered":"Pol\u00edtica de privacitat"},"content":{"rendered":"\t\t<div data-elementor-type=\"wp-page\" data-elementor-id=\"3992\" class=\"elementor elementor-3992 elementor-885\" data-elementor-post-type=\"page\">\n\t\t\t\t<div class=\"elementor-element elementor-element-2250a2b e-flex e-con-boxed e-con e-parent\" data-id=\"2250a2b\" data-element_type=\"container\" data-e-type=\"container\" data-settings=\"{&quot;background_background&quot;:&quot;classic&quot;}\">\n\t\t\t\t\t<div class=\"e-con-inner\">\n\t\t\t\t<div class=\"elementor-element elementor-element-4c2ae881 elementor-widget elementor-widget-heading\" data-id=\"4c2ae881\" data-element_type=\"widget\" data-e-type=\"widget\" data-widget_type=\"heading.default\">\n\t\t\t\t<div class=\"elementor-widget-container\">\n\t\t\t\t\t<h3 class=\"elementor-heading-title elementor-size-default\">ECOTIC Envases<\/h3>\t\t\t\t<\/div>\n\t\t\t\t<\/div>\n\t\t\t\t<div class=\"elementor-element elementor-element-7880599b elementor-widget elementor-widget-heading\" data-id=\"7880599b\" data-element_type=\"widget\" data-e-type=\"widget\" data-widget_type=\"heading.default\">\n\t\t\t\t<div class=\"elementor-widget-container\">\n\t\t\t\t\t<h2 class=\"elementor-heading-title elementor-size-default\">Pol\u00edtica de privacitat<\/h2>\t\t\t\t<\/div>\n\t\t\t\t<\/div>\n\t\t\t\t\t<\/div>\n\t\t\t\t<\/div>\n\t\t<div class=\"elementor-element elementor-element-dc98085 e-flex e-con-boxed e-con e-parent\" data-id=\"dc98085\" data-element_type=\"container\" data-e-type=\"container\">\n\t\t\t\t\t<div class=\"e-con-inner\">\n\t\t\t\t<div class=\"elementor-element elementor-element-7249eb3 elementor-widget elementor-widget-text-editor\" data-id=\"7249eb3\" data-element_type=\"widget\" data-e-type=\"widget\" data-widget_type=\"text-editor.default\">\n\t\t\t\t<div class=\"elementor-widget-container\">\n\t\t\t\t\t\t\t\t\t<p><strong>DADES DEL RESPONSABLE DEL TRACTAMENT DE LES SEVES DADES<\/strong><\/p><p>Identitat: ECOTIC ENVASES<\/p><p>NIF: G56833338<\/p><p>Adre\u00e7a: Avda. Diagonal, 467 2n 1a (08036) Barcelona<\/p><p>Tel\u00e8fon: 93 419 40 48<\/p><p>P\u00e0gina Web: <a href=\"http:\/\/www.ecotic-clima.es\/\">http:\/\/www.ecotic-envases.es\/<\/a><\/p><p>Mail: <a href=\"mailto:ecotic@ecotic.es\">ecotic@ecotic.es<\/a><\/p><p><strong>FINALITAT AMB LA QUAL ES TRACTEN LES SEVES DADES<\/strong><\/p><p>Tractem les vostres dades de car\u00e0cter personal per a les seg\u00fcents finalitats:<\/p><ul><li>Gesti\u00f3 administrativa i comercial de clients i prove\u00efdors<\/li><li>Gesti\u00f3 de la informaci\u00f3 i continguts de la nostra p\u00e0gina web <a href=\"http:\/\/www.ecotic-clima.es\/\">http:\/\/www.ecotic-envases.es\/<\/a> i de les nostres xarxes socials.<\/li><li>Gesti\u00f3 de RRHH dels nostres treballadors i candidats.<\/li><li>Gesti\u00f3 i comunicaci\u00f3 de les consultes a la web.<\/li><li>Captaci\u00f3 d imatges per garantir la seguretat de persones i b\u00e9ns.<\/li><\/ul><div>\u00a0<\/div><p><strong>LEGITIMACI\u00d3 DEL TRACTAMENT<\/strong><\/p><ul><li>El tractament es realitza en base a una relaci\u00f3 contractual<\/li><li>El tractament es realitza sobre la base del consentiment de l&#8217;interessat<\/li><li>En el cas dels candidats, la base legal del tractament de les vostres dades ser\u00e0 el consentiment informat.<\/li><li>La captaci\u00f3 d&#8217;imatges de videovigil\u00e0ncia es fa sobre la base d&#8217;inter\u00e8s leg\u00edtim.<\/li><\/ul><div>\u00a0<\/div><p><strong>PER\u00cdODE DE CONSERVACI\u00d3 DE LES SEVES DADES<\/strong><\/p><p>Les dades es conservaran:<\/p><ul><li>Mentre es mantingui la relaci\u00f3 comercial.<\/li><li>Se&#8217;n podran conservar les dades una vegada finalitzada tota relaci\u00f3 contractual amb els intervinents durant un per\u00edode de cinc (5) anys per complir obligacions legals, sens perjudici d&#8217;aquelles dades que s&#8217;hagin de conservar durant m\u00e9s temps per imposici\u00f3 legal i prescripci\u00f3 de responsabilitats.<\/li><li>En el cas dels CV es conservaran durant un per\u00edode m\u00e0xim d&#8217;1 any des de la recepci\u00f3. En cas que el candidat passi a formar part del personal de lentitat, el CV sincorporar\u00e0 al seu expedient laboral.<\/li><li>Les dades personals proporcionades es conservaran fins que l&#8217;interessat sol\u00b7liciti la supressi\u00f3, sempre que sigui procedent la supressi\u00f3 esmentada.<\/li><li>Durant el per\u00edode de conservaci\u00f3 per obligaci\u00f3 legal i prescripci\u00f3 de responsabilitats, les dades es conservaran bloquejades.<\/li><li>En el moment que expirin els terminis de conservaci\u00f3, les dades seran destru\u00efdes.<\/li><li>Les imatges de videovigil\u00e0ncia es conservaran durant un per\u00edode m\u00e0xim de 30 dies.<\/li><\/ul><div>\u00a0<\/div><p><strong>DESTINATARIS DE CESSIONS O TRANSFER\u00c8NCIES<\/strong><\/p><p>Les dades se cediran, en cas de ser necessari a: bancs i caixes, administracions p\u00fabliques, als encarregats del tractament que donen diferent suport a ECOTIC ENVASES, aix\u00ed com als tercers necessaris amb qu\u00e8 sigui obligada per llei la comunicaci\u00f3, amb la finalitat de complir amb la prestaci\u00f3 del servei anteriorment esmentat.<\/p><p><strong>DRETS DELS INTERESSATS<\/strong><\/p><p><strong>Quins s\u00f3n els vostres drets?<\/strong><\/p><ul><li>Qualsevol persona t\u00e9 dret a obtenir confirmaci\u00f3 sobre si ECOTIC ENVASES est\u00e0 tractant dades personals que us interessin, o no.<\/li><li>Les persones interessades tenen dret a accedir a les seves dades personals, aix\u00ed com a sol\u00b7licitar la rectificaci\u00f3 de les seves dades inexactes o, en tot cas, sol\u00b7licitar la supressi\u00f3 quan, entre altres motius, les dades ja no siguin necess\u00e0ries per a les finalitats per a les quals van ser recollits.<\/li><li>Els interessats tenen dret a oposar-se al tractament de les vostres dades personals.<\/li><li>En determinades circumst\u00e0ncies previstes a l&#8217;article 18 del RGPD, els interessats podran sol\u00b7licitar la limitaci\u00f3 del tractament de les dades, en aquest cas \u00fanicament les conservaran per a l&#8217;exercici o la defensa de reclamacions.<\/li><li>En virtut del dret a la portabilitat, els interessats tenen dret a obtenir les dades personals, que l&#8217;incumbeixin, en un format estructurat d&#8217;\u00fas com\u00fa i lectura mec\u00e0nica ia transmetre&#8217;ls a un altre responsable.<\/li><\/ul><div>\u00a0<\/div><p><strong>Com pot exercir els drets?<\/strong><\/p><p>L&#8217;exercici dels drets el podr\u00e0 fer de forma gratu\u00efta.<\/p><ul><li>Mitjan\u00e7ant un escrit dirigit a ECOTIC ENVASES, Diagonal, 467 2n 1a (08036) Barcelona.<\/li><li>Mitjan\u00e7ant un escrit dirigit a ECOTIC ENVASES a l&#8217;adre\u00e7a de correu electr\u00f2nic <a href=\"mailto:ecotic@ecotic.es\">ecotic@ecotic.es<\/a>.<\/li><\/ul><div>\u00a0<\/div><p><strong>Quines vies de reclamaci\u00f3 hi ha?<\/strong><\/p><p>Si considereu que els vostres drets no s&#8217;han at\u00e8s degudament, teniu dret a presentar una reclamaci\u00f3 davant l&#8217;Ag\u00e8ncia Espanyola de Protecci\u00f3 de Dades ( <a href=\"http:\/\/www.aepd.es\">www.aepd.es<\/a> ).<\/p><p><strong>VERACITAT DE LES DADES<\/strong><\/p><p>La informaci\u00f3 que faciliti linteressat haur\u00e0 de ser vera\u00e7, en cas contrari ser\u00e0 responsable del dany que pugui causar a lentitat oa tercers, per no facilitar dades aut\u00e8ntiques.<\/p><p><strong>INFORMACI\u00d3 ADDICIONAL<\/strong><\/p><p>Tractarem les dades de manera l\u00edcita, lleial, transparent, adequada, pertinent, limitada, exacta i actualitzada. \u00c9s per aix\u00f2 que ens comprometem a adoptar totes les mesures raonables perqu\u00e8 aquests se suprimeixin o rectifiquin sense dilaci\u00f3 quan siguin inexactes.<\/p><p>Mentre els interessats no ens comuniquin el contrari, entendrem que les vostres dades no han estat modificades i seran responsables de notificar-nos qualsevol variaci\u00f3.<\/p><p><strong>TRACTAMENT DE DADES DE MENORS D&#8217;EDAT<\/strong><\/p><p>Est\u00e0 prohibit facilitar a trav\u00e9s d&#8217;aquest portal persones menors de catorze (14) anys. Si alguna persona menor daquesta edat facilita dades, seran els seus pares o tutors els \u00fanics responsables daquesta situaci\u00f3.<\/p><p><strong>VIG\u00c8NCIA I MODIFICACI\u00d3 DE LA PRESENT POL\u00cdTICA DE PROTECCI\u00d3 DE DADES<\/strong><\/p><p>El titular del lloc <a href=\"https:\/\/www.ecotic-clima.es\/\">https:\/\/www.ecotic-envases.es\/<\/a> es reserva el dret de modificar la seva pol\u00edtica de privadesa en cas que hi hagi un canvi de la legislaci\u00f3 vigent, doctrina jurisprudencial o per criteris propis empresarials. Si s&#8217;introdueix algun canvi en aquesta pol\u00edtica, el nou text es publicar\u00e0 en aquesta mateixa adre\u00e7a.<\/p>\t\t\t\t\t\t\t\t<\/div>\n\t\t\t\t<\/div>\n\t\t\t\t\t<\/div>\n\t\t\t\t<\/div>\n\t\t\t\t<\/div>\n\t\t","protected":false},"excerpt":{"rendered":"<p>ECOTIC Envases Pol\u00edtica de privacitat DADES DEL RESPONSABLE DEL TRACTAMENT DE LES SEVES DADES Identitat: ECOTIC ENVASES NIF: G56833338 Adre\u00e7a: Avda. Diagonal, 467 2n 1a (08036) Barcelona Tel\u00e8fon: 93 419 40 48 P\u00e0gina Web: http:\/\/www.ecotic-envases.es\/ Mail: ecotic@ecotic.es FINALITAT AMB LA QUAL ES TRACTEN LES SEVES DADES Tractem les vostres dades de car\u00e0cter personal per a [&hellip;]<\/p>\n","protected":false},"author":2,"featured_media":0,"parent":3989,"menu_order":0,"comment_status":"closed","ping_status":"closed","template":"","meta":{"footnotes":""},"class_list":["post-3992","page","type-page","status-publish","hentry"],"_links":{"self":[{"href":"https:\/\/ecotic-envases.es\/ca\/wp-json\/wp\/v2\/pages\/3992","targetHints":{"allow":["GET"]}}],"collection":[{"href":"https:\/\/ecotic-envases.es\/ca\/wp-json\/wp\/v2\/pages"}],"about":[{"href":"https:\/\/ecotic-envases.es\/ca\/wp-json\/wp\/v2\/types\/page"}],"author":[{"embeddable":true,"href":"https:\/\/ecotic-envases.es\/ca\/wp-json\/wp\/v2\/users\/2"}],"replies":[{"embeddable":true,"href":"https:\/\/ecotic-envases.es\/ca\/wp-json\/wp\/v2\/comments?post=3992"}],"version-history":[{"count":5,"href":"https:\/\/ecotic-envases.es\/ca\/wp-json\/wp\/v2\/pages\/3992\/revisions"}],"predecessor-version":[{"id":5521,"href":"https:\/\/ecotic-envases.es\/ca\/wp-json\/wp\/v2\/pages\/3992\/revisions\/5521"}],"up":[{"embeddable":true,"href":"https:\/\/ecotic-envases.es\/ca\/wp-json\/wp\/v2\/pages\/3989"}],"wp:attachment":[{"href":"https:\/\/ecotic-envases.es\/ca\/wp-json\/wp\/v2\/media?parent=3992"}],"curies":[{"name":"wp","href":"https:\/\/api.w.org\/{rel}","templated":true}]}}