{"id":3990,"date":"2023-05-14T17:30:09","date_gmt":"2023-05-14T15:30:09","guid":{"rendered":"https:\/\/ecotic-envases.es\/legal\/avis-legal\/"},"modified":"2025-01-29T11:18:29","modified_gmt":"2025-01-29T09:18:29","slug":"avis-legal","status":"publish","type":"page","link":"https:\/\/ecotic-envases.es\/ca\/legal\/avis-legal\/","title":{"rendered":"Av\u00eds legal"},"content":{"rendered":"\t\t<div data-elementor-type=\"wp-page\" data-elementor-id=\"3990\" class=\"elementor elementor-3990 elementor-894\" data-elementor-post-type=\"page\">\n\t\t\t\t<div class=\"elementor-element elementor-element-47380eb2 e-flex e-con-boxed e-con e-parent\" data-id=\"47380eb2\" data-element_type=\"container\" data-e-type=\"container\" data-settings=\"{&quot;background_background&quot;:&quot;classic&quot;}\">\n\t\t\t\t\t<div class=\"e-con-inner\">\n\t\t\t\t<div class=\"elementor-element elementor-element-9957f12 elementor-widget elementor-widget-heading\" data-id=\"9957f12\" data-element_type=\"widget\" data-e-type=\"widget\" data-widget_type=\"heading.default\">\n\t\t\t\t<div class=\"elementor-widget-container\">\n\t\t\t\t\t<h3 class=\"elementor-heading-title elementor-size-default\">ECOTIC Envases<\/h3>\t\t\t\t<\/div>\n\t\t\t\t<\/div>\n\t\t\t\t<div class=\"elementor-element elementor-element-5856093a elementor-widget elementor-widget-heading\" data-id=\"5856093a\" data-element_type=\"widget\" data-e-type=\"widget\" data-widget_type=\"heading.default\">\n\t\t\t\t<div class=\"elementor-widget-container\">\n\t\t\t\t\t<h2 class=\"elementor-heading-title elementor-size-default\">Av\u00eds legal<\/h2>\t\t\t\t<\/div>\n\t\t\t\t<\/div>\n\t\t\t\t\t<\/div>\n\t\t\t\t<\/div>\n\t\t<div class=\"elementor-element elementor-element-821d58b e-flex e-con-boxed e-con e-parent\" data-id=\"821d58b\" data-element_type=\"container\" data-e-type=\"container\">\n\t\t\t\t\t<div class=\"e-con-inner\">\n\t\t\t\t<div class=\"elementor-element elementor-element-f294bcb elementor-widget elementor-widget-text-editor\" data-id=\"f294bcb\" data-element_type=\"widget\" data-e-type=\"widget\" data-widget_type=\"text-editor.default\">\n\t\t\t\t<div class=\"elementor-widget-container\">\n\t\t\t\t\t\t\t\t\t<p><strong>INFORMACI\u00d3 GENERAL<\/strong><\/p><p>En compliment de l&#8217;article 10 de la Llei 34\/2002, d&#8217;11 de juliol, de serveis de la societat de la informaci\u00f3 i de comer\u00e7 electr\u00f2nic (LSSI-CE), s&#8217;informa que el titular del lloc web <a href=\"https:\/\/www.ecotic-clima.es\/\">https:\/\/www.ecotic -envases.es\/<\/a> , \u00e9s:<\/p><p>ECOTIC ENVASOS, amb NIF G-56833338 i domicili social a l&#8217;av. Diagonal, 467 2n 1a (08036) Barcelona.<\/p><p>L&#8217;adre\u00e7a de correu electr\u00f2nic de contacte amb la fundaci\u00f3 \u00e9s: <a href=\"mailto:ecotic@ecotic.es\"> ecotic@ecotic.es.<\/a><\/p><p><strong>OBJECTE<\/strong><\/p><p>Aquesta p\u00e0gina web <a href=\"https:\/\/www.ecotic-clima.es\/\">https:\/\/www.ecotic-envases.es\/<\/a> , propietat d&#8217;ECOTIC ENVASES, ha estat creada i dissenyada per donar a con\u00e8ixer i permetre l&#8217;acc\u00e9s general de tots els usuaris d&#8217;internet, a la informaci\u00f3, activitats , productes i serveis oferts per aquesta entitat.<\/p><p>El present av\u00eds legal t\u00e9 com a objecte establir les condicions generals que regulen l&#8217;acc\u00e9s i \u00fas general de l&#8217;esmentada p\u00e0gina web per part de tots els usuaris, de manera que l&#8217;acc\u00e9s i \u00fas d&#8217;aquesta implica necess\u00e0riament la submissi\u00f3 i acceptaci\u00f3 de les condicions generals citades incloses en aquest Av\u00eds legal.<\/p><p><strong>USUARI<\/strong><\/p><p>La utilitzaci\u00f3 d&#8217;aquesta p\u00e0gina web li atribueix la condici\u00f3 d&#8217;usuari d&#8217;aquesta.<\/p><p>Es recomana a l&#8217;usuari que llegeixi atentament i detingudament les condicions i instruccions publicades cada vegada que accedeixi a aquesta p\u00e0gina web, at\u00e8s que l&#8217;acc\u00e9s implica la seva lectura i acceptaci\u00f3. Mitjan\u00e7ant l&#8217;acc\u00e9s a <a href=\"https:\/\/www.ecotic-clima.es\/\">https:\/\/www.ecotic-envases.es\/<\/a> o qualsevol de les seves p\u00e0gines i subdominis i l&#8217;\u00fas d&#8217;aquestes, l&#8217;usuari manifesta de forma expressa, plena i sense reserves que est\u00e0 d&#8217;acord amb les condicions i instruccions publicades a l&#8217;Av\u00eds legal en el moment de l&#8217;acc\u00e9s sense perjudici de l&#8217;aplicaci\u00f3 de la corresponent normativa d&#8217;obligat compliment legal segons el cas.<\/p><p>Qualsevol utilitzaci\u00f3 diferent de l&#8217;autoritzada est\u00e0 expressament prohibida, quedant ECOTIC ENVASOS facultada per denegar o retirar l&#8217;acc\u00e9s i \u00fas del Web, en qualsevol moment, i sense av\u00eds previ, a aquells usuaris que incompleixin aquestes condicions generals.<\/p><p>L&#8217;usuari assumeix la seva responsabilitat en l&#8217;\u00fas correcte del lloc web.<\/p><p>Aquesta responsabilitat s&#8217;estendr\u00e0 a:<\/p><ul><li>La veracitat i licitud de les informacions aportades per l&#8217;usuari als formularis estesos per ECOTIC ENVASOS per a l&#8217;acc\u00e9s a certs continguts o serveis oferts pel web.<\/li><li>L&#8217;\u00fas de la informaci\u00f3, serveis i dades ofertes per ECOTIC ENVASOS contr\u00e0riament al que disposen aquestes condicions, la Llei, la moral, els bons costums o l&#8217;ordre p\u00fablic, o que de qualsevol altra manera puguin suposar lesi\u00f3 dels drets de tercers o del mateix funcionament del lloc web.<\/li><\/ul><p><strong>\u00daS NO AUTORITZAT<\/strong><\/p><p>L&#8217;usuari d&#8217;aquest lloc web es compromet a no fer-ne \u00fas per a fins o activitats il\u00b7legals o il\u00b7l\u00edcites; en conseq\u00fc\u00e8ncia, no podr\u00e0 variar cap dels elements incorporats a la nostra web, copiar, distribuir, transmetre, presentar, realitzar, o en general, reproduir de qualsevol manera, publicar, autoritzar o crear qualsevol treball sobre la base de la informaci\u00f3 o el contingut incorporat al nostre lloc web per ECOTIC ENVASOS, els seus agents, directius, filials i\/o empleats.<\/p><p><strong>POL\u00cdTICA D&#8217;ENLLA\u00c7OS I EXEMPCIONS DE RESPONSABILITAT <\/strong><\/p><p>ECOTIC ENVASOS no es fa responsable del contingut dels llocs web als quals l&#8217;usuari pugui accedir a trav\u00e9s dels enlla\u00e7os establerts al seu lloc web i declara que en cap cas procedir\u00e0 a examinar o exercitar cap tipus de control sobre el contingut de altres llocs de la xarxa. Aix\u00ed mateix, tampoc garantir\u00e0 la disponibilitat t\u00e8cnica, exactitud, veracitat, validesa o legalitat de llocs aliens a la seva propietat als quals es pugui accedir per mitj\u00e0 dels enlla\u00e7os.<\/p><p>ECOTIC ENVASOS declara haver adoptat totes les mesures necess\u00e0ries per evitar qualsevol que fossin els danys als usuaris del seu lloc web, que poguessin derivar-se de la navegaci\u00f3 pel seu lloc web. En conseq\u00fc\u00e8ncia, ECOTIC ENVASOS no es fa responsable, en cap cas, dels danys eventuals que per la navegaci\u00f3 per Internet pogu\u00e9s patir l&#8217;usuari.<\/p><p><strong>MODIFICACIONS<\/strong><\/p><p>ECOTIC ENVASES es reserva el dret a realitzar les modificacions que consideri oportunes, sense previ av\u00eds, en el contingut del seu lloc web. Tant pel que fa als continguts del lloc web com a les condicions d&#8217;\u00fas del mateix o a les condicions generals de contractaci\u00f3. Aquestes modificacions podran realitzar-se a trav\u00e9s del seu lloc web per qualsevol manera admissible en dret i seran d&#8217;obligat compliment durant el temps en qu\u00e8 es trobin publicades al web i fins que no siguin modificades v\u00e0lidament per altres posteriors.<\/p><p><strong>PROPIETAT INTEL\u00b7LECTUAL I INDUSTRIAL<\/strong><\/p><p>ECOTIC ENVASOS per si mateixa o com a cession\u00e0ria, \u00e9s titular de tots els drets de propietat intel\u00b7lectual i industrial de la seva p\u00e0gina web, aix\u00ed com dels elements continguts a la mateixa (a t\u00edtol enunciatiu, imatges, so, \u00e0udio, v\u00eddeo, programari o textos; marques o logotips, combinacions de colors, estructura i disseny, selecci\u00f3 de materials usats, programes d&#8217;ordinador necessaris per al seu funcionament, acc\u00e9s i \u00fas, etc.), titularitat d&#8217;ECOTIC ENVASOS Seran, per tant, obres protegides com propietat intel\u00b7lectual per l&#8217;ordenament jur\u00eddic espanyol, i els s\u00f3n aplicables tant la normativa espanyola i comunit\u00e0ria en aquest camp, com els tractats internacionals relatius a la mat\u00e8ria i subscrits per Espanya.<\/p><p>Tots els drets reservats. En cap cas s&#8217;entendr\u00e0 que es concedeix cap llic\u00e8ncia o s&#8217;efectua ren\u00fancia, transmissi\u00f3, cessi\u00f3 total o parcial d&#8217;aquests drets. En virtut del que disposen els articles 8 i 32.1, par\u00e0graf segon, de la Llei de propietat intel\u00b7lectual, queden expressament prohibides la reproducci\u00f3, la distribuci\u00f3 i la comunicaci\u00f3 p\u00fablica, inclosa la seva modalitat de posada a disposici\u00f3, de la totalitat o part dels continguts d&#8217;aquesta p\u00e0gina web, amb finalitats comercials, en qualsevol suport i per qualsevol mitj\u00e0 t\u00e8cnic, sense l&#8217;autoritzaci\u00f3 d&#8217;ECOTIC ENVASOS.<\/p><p>L&#8217;usuari es compromet a respectar els drets de Propietat Intel\u00b7lectual i Industrial titularitat d&#8217;ECOTIC ENVASOS Podreu visualitzar els elements del portal i fins i tot imprimir-los, copiar-los i emmagatzemar-los al disc dur del vostre ordinador o en qualsevol altre suport f\u00edsic sempre que sigui, \u00fanica i exclusivament, per a \u00fas personal i privat. Les marques comercials s\u00f3n d&#8217;\u00fas no autoritzat, de manera que no podran usar-se per cap tercer sense el consentiment expr\u00e9s per escrit i signat pels seus propietaris. Igualment, l&#8217;usuari no est\u00e0 autoritzat a utilitzar, en qualsevol altre lloc web, les marques comercials d&#8217;ECOTIC ENVASES com a vincles sense el previ consentiment previ per escrit.<\/p><p>Encara que l&#8217;usuari descarregui a la nostra web qualsevol de les aplicacions disponibles amb aquesta finalitat, aix\u00f2 no li atorgar\u00e0 cap dret sobre aquestes, at\u00e8s que ECOTIC ENVASOS nom\u00e9s n&#8217;autoritza l&#8217;\u00fas i en conserva tots els drets.<\/p><p>L&#8217;usuari haur\u00e0 d&#8217;abstenir-se de suprimir, alterar, eludir o manipular qualsevol dispositiu de protecci\u00f3 o sistema de seguretat que estigu\u00e9s instal\u00b7lat a les p\u00e0gines d&#8217;ECOTIC ENVASOS.<\/p><p><strong>ACCIONS LEGALS, LEGISLACI\u00d3 APLICABLE I JURISDICCI\u00d3<\/strong><\/p><p>ECOTIC ENVASES es reserva, aix\u00ed mateix, la facultat de presentar les accions civils o penals que consideri oportunes per la utilitzaci\u00f3 indeguda del lloc web i continguts, o per l&#8217;incompliment de les presents condicions.<\/p><p>La relaci\u00f3 entre l&#8217;usuari i el prestador es regir\u00e0 per la normativa vigent i d&#8217;aplicaci\u00f3 en el territori espanyol. En cas de sorgir qualsevol controv\u00e8rsia, se sotmetr\u00e0 als jutjats i tribunals de la ciutat de Barcelona, Espanya.<\/p>\t\t\t\t\t\t\t\t<\/div>\n\t\t\t\t<\/div>\n\t\t\t\t\t<\/div>\n\t\t\t\t<\/div>\n\t\t\t\t<\/div>\n\t\t","protected":false},"excerpt":{"rendered":"<p>ECOTIC Envases Av\u00eds legal INFORMACI\u00d3 GENERAL En compliment de l&#8217;article 10 de la Llei 34\/2002, d&#8217;11 de juliol, de serveis de la societat de la informaci\u00f3 i de comer\u00e7 electr\u00f2nic (LSSI-CE), s&#8217;informa que el titular del lloc web https:\/\/www.ecotic -envases.es\/ , \u00e9s: ECOTIC ENVASOS, amb NIF G-56833338 i domicili social a l&#8217;av. Diagonal, 467 2n [&hellip;]<\/p>\n","protected":false},"author":2,"featured_media":0,"parent":3989,"menu_order":0,"comment_status":"closed","ping_status":"closed","template":"","meta":{"footnotes":""},"class_list":["post-3990","page","type-page","status-publish","hentry"],"_links":{"self":[{"href":"https:\/\/ecotic-envases.es\/ca\/wp-json\/wp\/v2\/pages\/3990","targetHints":{"allow":["GET"]}}],"collection":[{"href":"https:\/\/ecotic-envases.es\/ca\/wp-json\/wp\/v2\/pages"}],"about":[{"href":"https:\/\/ecotic-envases.es\/ca\/wp-json\/wp\/v2\/types\/page"}],"author":[{"embeddable":true,"href":"https:\/\/ecotic-envases.es\/ca\/wp-json\/wp\/v2\/users\/2"}],"replies":[{"embeddable":true,"href":"https:\/\/ecotic-envases.es\/ca\/wp-json\/wp\/v2\/comments?post=3990"}],"version-history":[{"count":7,"href":"https:\/\/ecotic-envases.es\/ca\/wp-json\/wp\/v2\/pages\/3990\/revisions"}],"predecessor-version":[{"id":5511,"href":"https:\/\/ecotic-envases.es\/ca\/wp-json\/wp\/v2\/pages\/3990\/revisions\/5511"}],"up":[{"embeddable":true,"href":"https:\/\/ecotic-envases.es\/ca\/wp-json\/wp\/v2\/pages\/3989"}],"wp:attachment":[{"href":"https:\/\/ecotic-envases.es\/ca\/wp-json\/wp\/v2\/media?parent=3990"}],"curies":[{"name":"wp","href":"https:\/\/api.w.org\/{rel}","templated":true}]}}