{"id":3911,"date":"2024-04-12T18:53:41","date_gmt":"2024-04-12T16:53:41","guid":{"rendered":"https:\/\/ecotic-envases.es\/ecotic-envases\/"},"modified":"2024-07-15T11:51:55","modified_gmt":"2024-07-15T09:51:55","slug":"ecotic-envases","status":"publish","type":"page","link":"https:\/\/ecotic-envases.es\/ca\/ecotic-envases\/","title":{"rendered":"Ecotic envases"},"content":{"rendered":"\t\t<div data-elementor-type=\"wp-post\" data-elementor-id=\"3911\" class=\"elementor elementor-3911 elementor-2326\" data-elementor-post-type=\"page\">\n\t\t\t\t<div class=\"elementor-element elementor-element-23ae28b e-flex e-con-boxed e-con e-parent\" data-id=\"23ae28b\" data-element_type=\"container\" data-e-type=\"container\" data-settings=\"{&quot;background_background&quot;:&quot;classic&quot;}\">\n\t\t\t\t\t<div class=\"e-con-inner\">\n\t\t<div class=\"elementor-element elementor-element-fd0fe32 e-con-full e-flex e-con e-child\" data-id=\"fd0fe32\" data-element_type=\"container\" data-e-type=\"container\">\n\t\t\t\t<div class=\"elementor-element elementor-element-7908460 elementor-widget elementor-widget-heading\" data-id=\"7908460\" data-element_type=\"widget\" data-e-type=\"widget\" data-widget_type=\"heading.default\">\n\t\t\t\t<div class=\"elementor-widget-container\">\n\t\t\t\t\t<div class=\"elementor-heading-title elementor-size-default\">ECOTIC Envases<\/div>\t\t\t\t<\/div>\n\t\t\t\t<\/div>\n\t\t\t\t<div class=\"elementor-element elementor-element-d2c7120 elementor-widget elementor-widget-heading\" data-id=\"d2c7120\" data-element_type=\"widget\" data-e-type=\"widget\" data-widget_type=\"heading.default\">\n\t\t\t\t<div class=\"elementor-widget-container\">\n\t\t\t\t\t<h1 class=\"elementor-heading-title elementor-size-default\">Impulsant la gesti\u00f3 d'envasos i residus<\/h1>\t\t\t\t<\/div>\n\t\t\t\t<\/div>\n\t\t\t\t<\/div>\n\t\t\t\t\t<\/div>\n\t\t\t\t<\/div>\n\t\t<div class=\"elementor-element elementor-element-497ee88 elementor-hidden-desktop elementor-hidden-tablet e-flex e-con-boxed e-con e-parent\" data-id=\"497ee88\" data-element_type=\"container\" data-e-type=\"container\" data-settings=\"{&quot;background_background&quot;:&quot;classic&quot;}\">\n\t\t\t\t\t<div class=\"e-con-inner\">\n\t\t\t\t<div class=\"elementor-element elementor-element-bc583ac elementor-widget elementor-widget-image\" data-id=\"bc583ac\" data-element_type=\"widget\" data-e-type=\"widget\" data-widget_type=\"image.default\">\n\t\t\t\t<div class=\"elementor-widget-container\">\n\t\t\t\t\t\t\t\t\t\t\t\t\t\t\t<img fetchpriority=\"high\" decoding=\"async\" width=\"766\" height=\"570\" src=\"https:\/\/ecotic-envases.es\/wp-content\/uploads\/2024\/04\/Ecotic_Envases_Cabecera_S.png\" class=\"attachment-large size-large wp-image-3928\" alt=\"\" srcset=\"https:\/\/ecotic-envases.es\/wp-content\/uploads\/2024\/04\/Ecotic_Envases_Cabecera_S.png 766w, https:\/\/ecotic-envases.es\/wp-content\/uploads\/2024\/04\/Ecotic_Envases_Cabecera_S-300x223.png 300w\" sizes=\"(max-width: 766px) 100vw, 766px\" \/>\t\t\t\t\t\t\t\t\t\t\t\t\t\t\t<\/div>\n\t\t\t\t<\/div>\n\t\t\t\t\t<\/div>\n\t\t\t\t<\/div>\n\t\t<div class=\"elementor-element elementor-element-46a8cdea elementor-hidden-mobile e-flex e-con-boxed e-con e-parent\" data-id=\"46a8cdea\" data-element_type=\"container\" data-e-type=\"container\" data-settings=\"{&quot;background_background&quot;:&quot;classic&quot;}\">\n\t\t\t\t\t<div class=\"e-con-inner\">\n\t\t<div class=\"elementor-element elementor-element-10554dce e-con-full e-flex e-con e-child\" data-id=\"10554dce\" data-element_type=\"container\" data-e-type=\"container\" data-settings=\"{&quot;background_background&quot;:&quot;classic&quot;}\">\n\t\t\t\t<\/div>\n\t\t<div class=\"elementor-element elementor-element-47e60742 e-con-full e-flex e-con e-child\" data-id=\"47e60742\" data-element_type=\"container\" data-e-type=\"container\">\n\t\t\t\t<div class=\"elementor-element elementor-element-2e199138 elementor-widget elementor-widget-heading\" data-id=\"2e199138\" data-element_type=\"widget\" data-e-type=\"widget\" data-widget_type=\"heading.default\">\n\t\t\t\t<div class=\"elementor-widget-container\">\n\t\t\t\t\t<h2 class=\"elementor-heading-title elementor-size-default\">ECOTIC Envases<\/h2>\t\t\t\t<\/div>\n\t\t\t\t<\/div>\n\t\t\t\t<div class=\"elementor-element elementor-element-341e8198 elementor-widget elementor-widget-text-editor\" data-id=\"341e8198\" data-element_type=\"widget\" data-e-type=\"widget\" data-widget_type=\"text-editor.default\">\n\t\t\t\t<div class=\"elementor-widget-container\">\n\t\t\t\t\t\t\t\t\t<p>Neix ECOTIC Envases, un Sistema Col\u00b7lectiu de Responsabilitat Ampliada del Productor (SCRAP) centrat en la gesti\u00f3 d&#8217;envasos i residus.<\/p>\n<p>A trav\u00e9s d&#8217;aquesta associaci\u00f3 col\u00b7laborarem de manera estreta amb les empreses del sector dels envasos per garantir-ne el compliment normatiu i oferir solucions efectives a les seves obligacions.<\/p>\n\t\t\t\t\t\t\t\t<\/div>\n\t\t\t\t<\/div>\n\t\t\t\t<\/div>\n\t\t\t\t\t<\/div>\n\t\t\t\t<\/div>\n\t\t<div class=\"elementor-element elementor-element-73ab2d4 elementor-hidden-tablet elementor-hidden-desktop e-flex e-con-boxed e-con e-parent\" data-id=\"73ab2d4\" data-element_type=\"container\" data-e-type=\"container\" data-settings=\"{&quot;background_background&quot;:&quot;classic&quot;}\">\n\t\t\t\t\t<div class=\"e-con-inner\">\n\t\t<div class=\"elementor-element elementor-element-cc83b98 e-con-full e-flex e-con e-child\" data-id=\"cc83b98\" data-element_type=\"container\" data-e-type=\"container\">\n\t\t\t\t<div class=\"elementor-element elementor-element-856c966 elementor-widget elementor-widget-heading\" data-id=\"856c966\" data-element_type=\"widget\" data-e-type=\"widget\" data-widget_type=\"heading.default\">\n\t\t\t\t<div class=\"elementor-widget-container\">\n\t\t\t\t\t<h2 class=\"elementor-heading-title elementor-size-default\">ECOTIC Envases<\/h2>\t\t\t\t<\/div>\n\t\t\t\t<\/div>\n\t\t\t\t<div class=\"elementor-element elementor-element-91bfb3b elementor-widget elementor-widget-text-editor\" data-id=\"91bfb3b\" data-element_type=\"widget\" data-e-type=\"widget\" data-widget_type=\"text-editor.default\">\n\t\t\t\t<div class=\"elementor-widget-container\">\n\t\t\t\t\t\t\t\t\t<p>Neix ECOTIC Envases, un Sistema Col\u00b7lectiu de Responsabilitat Ampliada del Productor (SCRAP) centrat en la gesti\u00f3 d&#8217;envasos i residus.<\/p>\n<p>A trav\u00e9s d&#8217;aquesta associaci\u00f3 col\u00b7laborarem de manera estreta amb les empreses del sector dels envasos per garantir-ne el compliment normatiu i oferir solucions efectives a les seves obligacions.<\/p>\n\t\t\t\t\t\t\t\t<\/div>\n\t\t\t\t<\/div>\n\t\t\t\t<\/div>\n\t\t<div class=\"elementor-element elementor-element-7f24090 e-con-full e-flex e-con e-child\" data-id=\"7f24090\" data-element_type=\"container\" data-e-type=\"container\" data-settings=\"{&quot;background_background&quot;:&quot;classic&quot;}\">\n\t\t\t\t<div class=\"elementor-element elementor-element-fa30f0a elementor-widget elementor-widget-image\" data-id=\"fa30f0a\" data-element_type=\"widget\" data-e-type=\"widget\" data-widget_type=\"image.default\">\n\t\t\t\t<div class=\"elementor-widget-container\">\n\t\t\t\t\t\t\t\t\t\t\t\t\t\t\t<img decoding=\"async\" width=\"800\" height=\"559\" src=\"https:\/\/ecotic-envases.es\/wp-content\/uploads\/2024\/05\/01.jpeg\" class=\"attachment-full size-full wp-image-3938\" alt=\"\" srcset=\"https:\/\/ecotic-envases.es\/wp-content\/uploads\/2024\/05\/01.jpeg 800w, https:\/\/ecotic-envases.es\/wp-content\/uploads\/2024\/05\/01-300x210.jpeg 300w, https:\/\/ecotic-envases.es\/wp-content\/uploads\/2024\/05\/01-768x537.jpeg 768w\" sizes=\"(max-width: 800px) 100vw, 800px\" \/>\t\t\t\t\t\t\t\t\t\t\t\t\t\t\t<\/div>\n\t\t\t\t<\/div>\n\t\t\t\t<\/div>\n\t\t\t\t\t<\/div>\n\t\t\t\t<\/div>\n\t\t<div class=\"elementor-element elementor-element-52f9822d e-flex e-con-boxed e-con e-parent\" data-id=\"52f9822d\" data-element_type=\"container\" data-e-type=\"container\" data-settings=\"{&quot;background_background&quot;:&quot;classic&quot;}\">\n\t\t\t\t\t<div class=\"e-con-inner\">\n\t\t\t\t<div class=\"elementor-element elementor-element-3d85bf12 elementor-widget elementor-widget-heading\" data-id=\"3d85bf12\" data-element_type=\"widget\" data-e-type=\"widget\" data-widget_type=\"heading.default\">\n\t\t\t\t<div class=\"elementor-widget-container\">\n\t\t\t\t\t<h2 class=\"elementor-heading-title elementor-size-default\">Un marc col\u00b7laboratiu i eficient<\/h2>\t\t\t\t<\/div>\n\t\t\t\t<\/div>\n\t\t<div class=\"elementor-element elementor-element-f9a30af e-flex e-con-boxed e-con e-child\" data-id=\"f9a30af\" data-element_type=\"container\" data-e-type=\"container\">\n\t\t\t\t\t<div class=\"e-con-inner\">\n\t\t<div class=\"elementor-element elementor-element-6bcdafb e-flex e-con-boxed e-con e-child\" data-id=\"6bcdafb\" data-element_type=\"container\" data-e-type=\"container\">\n\t\t\t\t\t<div class=\"e-con-inner\">\n\t\t\t\t<div class=\"elementor-element elementor-element-5a5fe3b8 elementor-widget__width-initial elementor-widget elementor-widget-text-editor\" data-id=\"5a5fe3b8\" data-element_type=\"widget\" data-e-type=\"widget\" data-widget_type=\"text-editor.default\">\n\t\t\t\t<div class=\"elementor-widget-container\">\n\t\t\t\t\t\t\t\t\t<p>El 29 de desembre del 2022 va entrar en vigor el nou Reial decret 1055\/2022 d&#8217;envasos i residus d&#8217;envasos que introdueix com a nova obligaci\u00f3 la Responsabilitat Ampliada del Productor (SCRAP) per als envasos industrials i comercials.<\/p>\n<p><strong>El nostre repte \u00e9s oferir un marc col\u00b7laboratiu i eficient perqu\u00e8 els productors d&#8217;envasos compleixin aquestes responsabilitats legals.<\/strong><\/p>\n\t\t\t\t\t\t\t\t<\/div>\n\t\t\t\t<\/div>\n\t\t\t\t\t<\/div>\n\t\t\t\t<\/div>\n\t\t<div class=\"elementor-element elementor-element-6f23cae e-flex e-con-boxed e-con e-child\" data-id=\"6f23cae\" data-element_type=\"container\" data-e-type=\"container\">\n\t\t\t\t\t<div class=\"e-con-inner\">\n\t\t\t\t<div class=\"elementor-element elementor-element-9b84b0e elementor-widget__width-initial elementor-widget elementor-widget-text-editor\" data-id=\"9b84b0e\" data-element_type=\"widget\" data-e-type=\"widget\" data-widget_type=\"text-editor.default\">\n\t\t\t\t<div class=\"elementor-widget-container\">\n\t\t\t\t\t\t\t\t\t<p>Alhora, continuarem fomentant la innovaci\u00f3 i la implementaci\u00f3 de solucions sostenibles en el proc\u00e9s d&#8217;envasament, contribuint aix\u00ed a la protecci\u00f3 del medi ambient i al desenvolupament de l&#8217;economia circular en aquest sector.<\/p>\n\t\t\t\t\t\t\t\t<\/div>\n\t\t\t\t<\/div>\n\t\t<div class=\"elementor-element elementor-element-a35c90a e-con-full e-flex e-con e-child\" data-id=\"a35c90a\" data-element_type=\"container\" data-e-type=\"container\" data-settings=\"{&quot;background_background&quot;:&quot;classic&quot;}\">\n\t\t\t\t<div class=\"elementor-element elementor-element-4bc62ee elementor-widget elementor-widget-shortcode\" data-id=\"4bc62ee\" data-element_type=\"widget\" data-e-type=\"widget\" data-widget_type=\"shortcode.default\">\n\t\t\t\t<div class=\"elementor-widget-container\">\n\t\t\t\t\t\n\t\n\t\t<style>\n\t\t.RD1055-2022-desktop {\n\t\t\t\n\t\t\t-webkit-touch-callout: none;\n\t\t\t-webkit-user-select: none;\n\t\t\t-khtml-user-select: none;\n\t\t\t-moz-user-select: none;\n\t\t\t-ms-user-select: none;\n\t\t\tuser-select: none;\n\n\t\t\tbackground: #FFF !important;\n\t\t\tmax-width: 100% !important;\n\t\t\tmin-width: 180px !important;\n\n\t\t\tpadding: 22px 20px  !important;\n\t\t\tborder: 1px solid #FFF !important;\n\t\t\tborder-radius: 90px !important;\n\t\t\tfont-size: 20px !important;\n\t\t\tline-height: 20px !important;\n\t\t\tfont-weight: 300 !important;\n\t\t\tfont-family: \"Source Sans Pro\", sans-serif;\n\t\t\ttext-decoration: none !important;\n\t\t\tcolor: #132F42 !important;\n\n\t\t\tdisplay: inline-block;\n\t\t\tvertical-align: middle;\n\t\t\toverflow: hidden;\n\t\t\ttext-align: center;\n\t\t\tcursor: pointer;\n\t\t\twhite-space: nowrap;\n\t\t}\n\t\t.RD1055-2022-desktop span{\n\t\t\ttext-align: center !important;\n\t\t\twidth: 100% !important; \n\t\t\tpadding: 0 !important; \n\t\t\tmargin: 0 !important;\t\t\t\n\t\t}\n\t\t.RD1055-2022-desktop:hover {\n\t\t\tbackground: #132F42 !important;\n\t\t\tborder: 1px solid #132F42 !important;\n\t\t\tcolor: #FFF !important;\n\t\t}\n\t\t.RD1055-2022-mobile {\t\t\t\n\t\t\t-webkit-touch-callout: none;\n\t\t\t-webkit-user-select: none;\n\t\t\t-khtml-user-select: none;\n\t\t\t-moz-user-select: none;\n\t\t\t-ms-user-select: none;\n\t\t\tuser-select: none;\n\n\t\t\tbackground: #FFF !important;\n\t\t\tmax-width: 100% !important;\n\t\t\tmin-width: 100% !important;\n\n\t\t\tpadding: 22px 20px  !important;\n\t\t\tborder: 1px solid #FFF !important;\n\t\t\tborder-radius: 90px !important;\n\t\t\tfont-size: 0.9em !important;\n\t\t\tline-height: 0.9em !important;\n\t\t\tfont-family: \"Source Sans Pro\", sans-serif;\n\t\t\tfont-weight: 300 !important;\n\t\t\ttext-decoration: none !important;\n\t\t\tcolor: #132F42 !important;\n\n\t\t\tdisplay: inline-block;\n\t\t\tvertical-align: middle;\n\t\t\toverflow: hidden;\n\t\t\ttext-decoration: none;\n\t\t\ttext-align: center;\n\t\t\tcursor: pointer;\n\t\t\twhite-space: nowrap;\n\t\t}\n\t\t.RD1055-2022-mobile span {\n\t\t\ttext-align: center !important;\n\t\t\twidth: 100% !important; \n\t\t\tpadding: 0 !important; \n\t\t\tmargin: 0 !important;\t\t\t\n\t\t}\n\t\t<\/style>\n\t\t<a href=\"https:\/\/www.boe.es\/buscar\/act.php?id=BOE-A-2022-22690\"  target=\"_blank\" class=\"hide-on-mobile RD1055-2022-desktop\">\n\t\t<span>\n\t\t\tRD 1055\/2022\n\t\t\t<\/span>\n\t\t\t<\/a>\n\t\t<a href=\"https:\/\/www.boe.es\/buscar\/act.php?id=BOE-A-2022-22690\" target=\"_blank\" class=\"hide-on-desktop RD1055-2022-mobile\">\n\t\t<span>\n\t\t\tRD 1055\/2022\n\t\t\t<\/span>\n\t\t\n\t\t<\/a>\n\t\t\t<div class=\"elementor-shortcode\"><\/div>\n\t\t\t\t\t\t<\/div>\n\t\t\t\t<\/div>\n\t\t\t\t<\/div>\n\t\t\t\t\t<\/div>\n\t\t\t\t<\/div>\n\t\t\t\t\t<\/div>\n\t\t\t\t<\/div>\n\t\t\t\t\t<\/div>\n\t\t\t\t<\/div>\n\t\t<div class=\"elementor-element elementor-element-030a74c elementor-hidden-mobile e-flex e-con-boxed e-con e-parent\" data-id=\"030a74c\" data-element_type=\"container\" data-e-type=\"container\" data-settings=\"{&quot;background_background&quot;:&quot;classic&quot;}\">\n\t\t\t\t\t<div class=\"e-con-inner\">\n\t\t<div class=\"elementor-element elementor-element-7f06c98 e-con-full e-flex e-con e-child\" data-id=\"7f06c98\" data-element_type=\"container\" data-e-type=\"container\">\n\t\t\t\t<div class=\"elementor-element elementor-element-882fd69 elementor-widget elementor-widget-heading\" data-id=\"882fd69\" data-element_type=\"widget\" data-e-type=\"widget\" data-widget_type=\"heading.default\">\n\t\t\t\t<div class=\"elementor-widget-container\">\n\t\t\t\t\t<h2 class=\"elementor-heading-title elementor-size-default\">Transformar els residus en nous recursos<\/h2>\t\t\t\t<\/div>\n\t\t\t\t<\/div>\n\t\t\t\t<div class=\"elementor-element elementor-element-e545ea2 elementor-widget elementor-widget-text-editor\" data-id=\"e545ea2\" data-element_type=\"widget\" data-e-type=\"widget\" data-widget_type=\"text-editor.default\">\n\t\t\t\t<div class=\"elementor-widget-container\">\n\t\t\t\t\t\t\t\t\t<p>La nostra ra\u00f3 de ser va m\u00e9s enll\u00e0 de complir la nova normativa. <strong>El canvi en la legislaci\u00f3 ens motiva a continuar millorant el nostre sistema actual de gesti\u00f3, portant-lo cap a un model encara m\u00e9s integral, innovador i respectu\u00f3s amb el medi ambient.<\/strong><\/p><p>A ECOTIC Envases ens encarregarem d&#8217;organitzar la gesti\u00f3 dels envasos per atorgar-los m\u00e9s valor i transformar els <strong>residus en nous recursos. A ECOTIC Envases, estem compromesos amb els Objectius de Desenvolupament Sostenible de les Nacions Unides<\/strong>, especialment en \u00e0rees com la sostenibilitat, la innovaci\u00f3 i la responsabilitat ambiental.<\/p>\t\t\t\t\t\t\t\t<\/div>\n\t\t\t\t<\/div>\n\t\t<div class=\"elementor-element elementor-element-c745f9d e-con-full e-flex e-con e-child\" data-id=\"c745f9d\" data-element_type=\"container\" data-e-type=\"container\">\n\t\t\t\t<div class=\"elementor-element elementor-element-3e6dce2 elementor-widget elementor-widget-image\" data-id=\"3e6dce2\" data-element_type=\"widget\" data-e-type=\"widget\" data-widget_type=\"image.default\">\n\t\t\t\t<div class=\"elementor-widget-container\">\n\t\t\t\t\t\t\t\t\t\t\t\t\t\t\t\t<a href=\"https:\/\/www.un.org\/sustainabledevelopment\/es\/infrastructure\/\">\n\t\t\t\t\t\t\t<img decoding=\"async\" width=\"452\" height=\"458\" src=\"https:\/\/ecotic-envases.es\/wp-content\/uploads\/2024\/04\/Grupo-1440.png\" class=\"attachment-large size-large wp-image-3931\" alt=\"\" srcset=\"https:\/\/ecotic-envases.es\/wp-content\/uploads\/2024\/04\/Grupo-1440.png 452w, https:\/\/ecotic-envases.es\/wp-content\/uploads\/2024\/04\/Grupo-1440-296x300.png 296w, https:\/\/ecotic-envases.es\/wp-content\/uploads\/2024\/04\/Grupo-1440-80x80.png 80w\" sizes=\"(max-width: 452px) 100vw, 452px\" \/>\t\t\t\t\t\t\t\t<\/a>\n\t\t\t\t\t\t\t\t\t\t\t\t\t\t\t<\/div>\n\t\t\t\t<\/div>\n\t\t\t\t<div class=\"elementor-element elementor-element-afa1c6a elementor-widget elementor-widget-image\" data-id=\"afa1c6a\" data-element_type=\"widget\" data-e-type=\"widget\" data-widget_type=\"image.default\">\n\t\t\t\t<div class=\"elementor-widget-container\">\n\t\t\t\t\t\t\t\t\t\t\t\t\t\t\t\t<a href=\"https:\/\/www.un.org\/sustainabledevelopment\/es\/sustainable-consumption-production\/\">\n\t\t\t\t\t\t\t<img loading=\"lazy\" decoding=\"async\" width=\"452\" height=\"458\" src=\"https:\/\/ecotic-envases.es\/wp-content\/uploads\/2024\/04\/Grupo-1441.png\" class=\"attachment-large size-large wp-image-3932\" alt=\"\" srcset=\"https:\/\/ecotic-envases.es\/wp-content\/uploads\/2024\/04\/Grupo-1441.png 452w, https:\/\/ecotic-envases.es\/wp-content\/uploads\/2024\/04\/Grupo-1441-296x300.png 296w, https:\/\/ecotic-envases.es\/wp-content\/uploads\/2024\/04\/Grupo-1441-80x80.png 80w\" sizes=\"(max-width: 452px) 100vw, 452px\" \/>\t\t\t\t\t\t\t\t<\/a>\n\t\t\t\t\t\t\t\t\t\t\t\t\t\t\t<\/div>\n\t\t\t\t<\/div>\n\t\t\t\t<div class=\"elementor-element elementor-element-db93c07 elementor-widget elementor-widget-image\" data-id=\"db93c07\" data-element_type=\"widget\" data-e-type=\"widget\" data-widget_type=\"image.default\">\n\t\t\t\t<div class=\"elementor-widget-container\">\n\t\t\t\t\t\t\t\t\t\t\t\t\t\t\t\t<a href=\"https:\/\/www.un.org\/sustainabledevelopment\/es\/globalpartnerships\/\">\n\t\t\t\t\t\t\t<img loading=\"lazy\" decoding=\"async\" width=\"452\" height=\"458\" src=\"https:\/\/ecotic-envases.es\/wp-content\/uploads\/2024\/04\/Grupo-1442.png\" class=\"attachment-large size-large wp-image-3933\" alt=\"\" srcset=\"https:\/\/ecotic-envases.es\/wp-content\/uploads\/2024\/04\/Grupo-1442.png 452w, https:\/\/ecotic-envases.es\/wp-content\/uploads\/2024\/04\/Grupo-1442-296x300.png 296w, https:\/\/ecotic-envases.es\/wp-content\/uploads\/2024\/04\/Grupo-1442-80x80.png 80w\" sizes=\"(max-width: 452px) 100vw, 452px\" \/>\t\t\t\t\t\t\t\t<\/a>\n\t\t\t\t\t\t\t\t\t\t\t\t\t\t\t<\/div>\n\t\t\t\t<\/div>\n\t\t\t\t<\/div>\n\t\t\t\t<\/div>\n\t\t<div class=\"elementor-element elementor-element-bdf53c0 e-con-full e-flex e-con e-child\" data-id=\"bdf53c0\" data-element_type=\"container\" data-e-type=\"container\" data-settings=\"{&quot;background_background&quot;:&quot;classic&quot;}\">\n\t\t\t\t<\/div>\n\t\t\t\t\t<\/div>\n\t\t\t\t<\/div>\n\t\t<div class=\"elementor-element elementor-element-eae16e6 elementor-hidden-desktop elementor-hidden-tablet e-flex e-con-boxed e-con e-parent\" data-id=\"eae16e6\" data-element_type=\"container\" data-e-type=\"container\" data-settings=\"{&quot;background_background&quot;:&quot;classic&quot;}\">\n\t\t\t\t\t<div class=\"e-con-inner\">\n\t\t<div class=\"elementor-element elementor-element-f3ec2b2 e-con-full e-flex e-con e-child\" data-id=\"f3ec2b2\" data-element_type=\"container\" data-e-type=\"container\">\n\t\t\t\t<div class=\"elementor-element elementor-element-e4eeabf elementor-widget elementor-widget-heading\" data-id=\"e4eeabf\" data-element_type=\"widget\" data-e-type=\"widget\" data-widget_type=\"heading.default\">\n\t\t\t\t<div class=\"elementor-widget-container\">\n\t\t\t\t\t<h2 class=\"elementor-heading-title elementor-size-default\">Transformar els residus en nous recursos<\/h2>\t\t\t\t<\/div>\n\t\t\t\t<\/div>\n\t\t\t\t<div class=\"elementor-element elementor-element-f51f2dc elementor-widget elementor-widget-text-editor\" data-id=\"f51f2dc\" data-element_type=\"widget\" data-e-type=\"widget\" data-widget_type=\"text-editor.default\">\n\t\t\t\t<div class=\"elementor-widget-container\">\n\t\t\t\t\t\t\t\t\t<p>La nostra ra\u00f3 de ser va m\u00e9s enll\u00e0 de complir la nova normativa.  <span style=\"font-weight: bolder;\">El canvi en la legislaci\u00f3 ens motiva a continuar millorant el nostre sistema actual de gesti\u00f3, portant-lo cap a un model encara m\u00e9s integral, innovador i respectu\u00f3s amb el medi ambient.<\/span><\/p>\n<p>A ECOTIC Envases ens encarregarem d&#8217;organitzar la gesti\u00f3 dels envasos per atorgar-los m\u00e9s valor i transformar-los <span style=\"font-weight: bolder;\">residus en nous recursos. A ECOTIC Envases, estem compromesos amb els Objectius de Desenvolupament Sostenible de les Nacions Unides<\/span>, especialment en \u00e0rees com la sostenibilitat, la innovaci\u00f3 i la responsabilitat ambiental.<\/p>\n\t\t\t\t\t\t\t\t<\/div>\n\t\t\t\t<\/div>\n\t\t<div class=\"elementor-element elementor-element-7d8e104 e-con-full e-flex e-con e-child\" data-id=\"7d8e104\" data-element_type=\"container\" data-e-type=\"container\">\n\t\t\t\t<div class=\"elementor-element elementor-element-57e9383 elementor-widget elementor-widget-image\" data-id=\"57e9383\" data-element_type=\"widget\" data-e-type=\"widget\" data-widget_type=\"image.default\">\n\t\t\t\t<div class=\"elementor-widget-container\">\n\t\t\t\t\t\t\t\t\t\t\t\t\t\t\t<img decoding=\"async\" width=\"452\" height=\"458\" src=\"https:\/\/ecotic-envases.es\/wp-content\/uploads\/2024\/04\/Grupo-1440.png\" class=\"attachment-large size-large wp-image-3931\" alt=\"\" srcset=\"https:\/\/ecotic-envases.es\/wp-content\/uploads\/2024\/04\/Grupo-1440.png 452w, https:\/\/ecotic-envases.es\/wp-content\/uploads\/2024\/04\/Grupo-1440-296x300.png 296w, https:\/\/ecotic-envases.es\/wp-content\/uploads\/2024\/04\/Grupo-1440-80x80.png 80w\" sizes=\"(max-width: 452px) 100vw, 452px\" \/>\t\t\t\t\t\t\t\t\t\t\t\t\t\t\t<\/div>\n\t\t\t\t<\/div>\n\t\t\t\t<div class=\"elementor-element elementor-element-b5fd0b3 elementor-widget elementor-widget-image\" data-id=\"b5fd0b3\" data-element_type=\"widget\" data-e-type=\"widget\" data-widget_type=\"image.default\">\n\t\t\t\t<div class=\"elementor-widget-container\">\n\t\t\t\t\t\t\t\t\t\t\t\t\t\t\t<img loading=\"lazy\" decoding=\"async\" width=\"452\" height=\"458\" src=\"https:\/\/ecotic-envases.es\/wp-content\/uploads\/2024\/04\/Grupo-1441.png\" class=\"attachment-large size-large wp-image-3932\" alt=\"\" srcset=\"https:\/\/ecotic-envases.es\/wp-content\/uploads\/2024\/04\/Grupo-1441.png 452w, https:\/\/ecotic-envases.es\/wp-content\/uploads\/2024\/04\/Grupo-1441-296x300.png 296w, https:\/\/ecotic-envases.es\/wp-content\/uploads\/2024\/04\/Grupo-1441-80x80.png 80w\" sizes=\"(max-width: 452px) 100vw, 452px\" \/>\t\t\t\t\t\t\t\t\t\t\t\t\t\t\t<\/div>\n\t\t\t\t<\/div>\n\t\t\t\t<div class=\"elementor-element elementor-element-3964c9b elementor-widget elementor-widget-image\" data-id=\"3964c9b\" data-element_type=\"widget\" data-e-type=\"widget\" data-widget_type=\"image.default\">\n\t\t\t\t<div class=\"elementor-widget-container\">\n\t\t\t\t\t\t\t\t\t\t\t\t\t\t\t<img loading=\"lazy\" decoding=\"async\" width=\"452\" height=\"458\" src=\"https:\/\/ecotic-envases.es\/wp-content\/uploads\/2024\/04\/Grupo-1442.png\" class=\"attachment-large size-large wp-image-3933\" alt=\"\" srcset=\"https:\/\/ecotic-envases.es\/wp-content\/uploads\/2024\/04\/Grupo-1442.png 452w, https:\/\/ecotic-envases.es\/wp-content\/uploads\/2024\/04\/Grupo-1442-296x300.png 296w, https:\/\/ecotic-envases.es\/wp-content\/uploads\/2024\/04\/Grupo-1442-80x80.png 80w\" sizes=\"(max-width: 452px) 100vw, 452px\" \/>\t\t\t\t\t\t\t\t\t\t\t\t\t\t\t<\/div>\n\t\t\t\t<\/div>\n\t\t\t\t<\/div>\n\t\t\t\t<\/div>\n\t\t<div class=\"elementor-element elementor-element-70ec885 e-con-full e-flex e-con e-child\" data-id=\"70ec885\" data-element_type=\"container\" data-e-type=\"container\" data-settings=\"{&quot;background_background&quot;:&quot;classic&quot;}\">\n\t\t<div class=\"elementor-element elementor-element-c699a29 e-flex e-con-boxed e-con e-child\" data-id=\"c699a29\" data-element_type=\"container\" data-e-type=\"container\">\n\t\t\t\t\t<div class=\"e-con-inner\">\n\t\t\t\t<div class=\"elementor-element elementor-element-0d709d9 elementor-widget elementor-widget-image\" data-id=\"0d709d9\" data-element_type=\"widget\" data-e-type=\"widget\" data-widget_type=\"image.default\">\n\t\t\t\t<div class=\"elementor-widget-container\">\n\t\t\t\t\t\t\t\t\t\t\t\t\t\t\t<img loading=\"lazy\" decoding=\"async\" width=\"800\" height=\"533\" src=\"https:\/\/ecotic-envases.es\/wp-content\/uploads\/2024\/05\/02.jpg\" class=\"attachment-full size-full wp-image-3940\" alt=\"\" srcset=\"https:\/\/ecotic-envases.es\/wp-content\/uploads\/2024\/05\/02.jpg 800w, https:\/\/ecotic-envases.es\/wp-content\/uploads\/2024\/05\/02-300x200.jpg 300w, https:\/\/ecotic-envases.es\/wp-content\/uploads\/2024\/05\/02-768x512.jpg 768w\" sizes=\"(max-width: 800px) 100vw, 800px\" \/>\t\t\t\t\t\t\t\t\t\t\t\t\t\t\t<\/div>\n\t\t\t\t<\/div>\n\t\t\t\t\t<\/div>\n\t\t\t\t<\/div>\n\t\t\t\t<\/div>\n\t\t\t\t\t<\/div>\n\t\t\t\t<\/div>\n\t\t\t\t<\/div>\n\t\t","protected":false},"excerpt":{"rendered":"<p>ECOTIC Envases Impulsant la gesti\u00f3 d&#8217;envasos i residus ECOTIC Envases Neix ECOTIC Envases, un Sistema Col\u00b7lectiu de Responsabilitat Ampliada del Productor (SCRAP) centrat en la gesti\u00f3 d&#8217;envasos i residus. A trav\u00e9s d&#8217;aquesta associaci\u00f3 col\u00b7laborarem de manera estreta amb les empreses del sector dels envasos per garantir-ne el compliment normatiu i oferir solucions efectives a les [&hellip;]<\/p>\n","protected":false},"author":2,"featured_media":0,"parent":0,"menu_order":0,"comment_status":"closed","ping_status":"closed","template":"","meta":{"footnotes":""},"class_list":["post-3911","page","type-page","status-publish","hentry"],"_links":{"self":[{"href":"https:\/\/ecotic-envases.es\/ca\/wp-json\/wp\/v2\/pages\/3911","targetHints":{"allow":["GET"]}}],"collection":[{"href":"https:\/\/ecotic-envases.es\/ca\/wp-json\/wp\/v2\/pages"}],"about":[{"href":"https:\/\/ecotic-envases.es\/ca\/wp-json\/wp\/v2\/types\/page"}],"author":[{"embeddable":true,"href":"https:\/\/ecotic-envases.es\/ca\/wp-json\/wp\/v2\/users\/2"}],"replies":[{"embeddable":true,"href":"https:\/\/ecotic-envases.es\/ca\/wp-json\/wp\/v2\/comments?post=3911"}],"version-history":[{"count":4,"href":"https:\/\/ecotic-envases.es\/ca\/wp-json\/wp\/v2\/pages\/3911\/revisions"}],"predecessor-version":[{"id":5104,"href":"https:\/\/ecotic-envases.es\/ca\/wp-json\/wp\/v2\/pages\/3911\/revisions\/5104"}],"wp:attachment":[{"href":"https:\/\/ecotic-envases.es\/ca\/wp-json\/wp\/v2\/media?parent=3911"}],"curies":[{"name":"wp","href":"https:\/\/api.w.org\/{rel}","templated":true}]}}